{"id":2642,"date":"2024-10-22T12:00:26","date_gmt":"2024-10-22T05:00:26","guid":{"rendered":"https:\/\/lpesaigon.com.vn\/?post_type=product&#038;p=2642"},"modified":"2024-12-12T15:44:39","modified_gmt":"2024-12-12T08:44:39","slug":"chili-jam","status":"publish","type":"product","link":"https:\/\/lpesaigon.com.vn\/vi\/san-pham\/chili-jam\/","title":{"rendered":"M\u1ee8T \u1edaT"},"content":{"rendered":"<p>Th\u00e0nh ph\u1ea7n: \u1edat (56%), \u0111\u01b0\u1eddng m\u00eda, chanh, ch\u1ea5t l\u00e0m \u0111\u1eb7c: Pectin (440).<br \/>\nS\u1eed d\u1ee5ng: d\u00f9ng tr\u1ef1c ti\u1ebfp. Sau khi m\u1edf n\u1eafp, s\u1eed d\u1ee5ng trong v\u00f2ng 15 ng\u00e0y v\u00e0 b\u1ea3o qu\u1ea3n trong t\u1ee7 l\u1ea1nh. B\u1ea3o qu\u1ea3n \u1edf n\u01a1i kh\u00f4 r\u00e1o, tho\u00e1ng m\u00e1t, tr\u00e1nh \u00e1nh s\u00e1ng tr\u1ef1c ti\u1ebfp.<\/p>","protected":false},"excerpt":{"rendered":"<p>Ingredients: Chili (56%), cane sugar, lemon, thickener: Pectin (440) Way to use: use directly, after openning use within 15 days [&hellip;]<\/p>","protected":false},"featured_media":2652,"template":"","meta":{"site-sidebar-layout":"default","site-content-layout":"","ast-site-content-layout":"default","site-content-style":"default","site-sidebar-style":"default","ast-global-header-display":"","ast-banner-title-visibility":"","ast-main-header-display":"","ast-hfb-above-header-display":"","ast-hfb-below-header-display":"","ast-hfb-mobile-header-display":"","site-post-title":"","ast-breadcrumbs-content":"","ast-featured-img":"","footer-sml-layout":"","theme-transparent-header-meta":"default","adv-header-id-meta":"","stick-header-meta":"","header-above-stick-meta":"","header-main-stick-meta":"","header-below-stick-meta":"","astra-migrate-meta-layouts":"set","ast-page-background-enabled":"default","ast-page-background-meta":{"desktop":{"background-color":"var(--ast-global-color-4)","background-image":"","background-repeat":"repeat","background-position":"center center","background-size":"auto","background-attachment":"scroll","background-type":"","background-media":"","overlay-type":"","overlay-color":"","overlay-opacity":"","overlay-gradient":""},"tablet":{"background-color":"","background-image":"","background-repeat":"repeat","background-position":"center center","background-size":"auto","background-attachment":"scroll","background-type":"","background-media":"","overlay-type":"","overlay-color":"","overlay-opacity":"","overlay-gradient":""},"mobile":{"background-color":"","background-image":"","background-repeat":"repeat","background-position":"center center","background-size":"auto","background-attachment":"scroll","background-type":"","background-media":"","overlay-type":"","overlay-color":"","overlay-opacity":"","overlay-gradient":""}},"ast-content-background-meta":{"desktop":{"background-color":"var(--ast-global-color-5)","background-image":"","background-repeat":"repeat","background-position":"center center","background-size":"auto","background-attachment":"scroll","background-type":"","background-media":"","overlay-type":"","overlay-color":"","overlay-opacity":"","overlay-gradient":""},"tablet":{"background-color":"var(--ast-global-color-5)","background-image":"","background-repeat":"repeat","background-position":"center center","background-size":"auto","background-attachment":"scroll","background-type":"","background-media":"","overlay-type":"","overlay-color":"","overlay-opacity":"","overlay-gradient":""},"mobile":{"background-color":"var(--ast-global-color-5)","background-image":"","background-repeat":"repeat","background-position":"center center","background-size":"auto","background-attachment":"scroll","background-type":"","background-media":"","overlay-type":"","overlay-color":"","overlay-opacity":"","overlay-gradient":""}}},"product_cat":[27],"product_tag":[],"class_list":{"0":"post-2642","1":"product","2":"type-product","3":"status-publish","4":"has-post-thumbnail","6":"product_cat-jam","7":"desktop-align-left","8":"tablet-align-left","9":"mobile-align-left","11":"first","12":"instock","13":"taxable","14":"shipping-taxable","15":"product-type-variable"},"_links":{"self":[{"href":"https:\/\/lpesaigon.com.vn\/vi\/wp-json\/wp\/v2\/product\/2642","targetHints":{"allow":["GET"]}}],"collection":[{"href":"https:\/\/lpesaigon.com.vn\/vi\/wp-json\/wp\/v2\/product"}],"about":[{"href":"https:\/\/lpesaigon.com.vn\/vi\/wp-json\/wp\/v2\/types\/product"}],"wp:featuredmedia":[{"embeddable":true,"href":"https:\/\/lpesaigon.com.vn\/vi\/wp-json\/wp\/v2\/media\/2652"}],"wp:attachment":[{"href":"https:\/\/lpesaigon.com.vn\/vi\/wp-json\/wp\/v2\/media?parent=2642"}],"wp:term":[{"taxonomy":"product_cat","embeddable":true,"href":"https:\/\/lpesaigon.com.vn\/vi\/wp-json\/wp\/v2\/product_cat?post=2642"},{"taxonomy":"product_tag","embeddable":true,"href":"https:\/\/lpesaigon.com.vn\/vi\/wp-json\/wp\/v2\/product_tag?post=2642"}],"curies":[{"name":"wp","href":"https:\/\/api.w.org\/{rel}","templated":true}]}}