{"id":39,"date":"2024-08-14T08:14:43","date_gmt":"2024-08-14T01:14:43","guid":{"rendered":"https:\/\/lpesaigon.com.vn\/?page_id=39"},"modified":"2026-03-23T09:19:54","modified_gmt":"2026-03-23T02:19:54","slug":"about-us","status":"publish","type":"page","link":"https:\/\/lpesaigon.com.vn\/vi\/about-us\/","title":{"rendered":"V\u1ec0 CH\u00daNG T\u00d4I"},"content":{"rendered":"<div data-elementor-type=\"wp-page\" data-elementor-id=\"39\" class=\"elementor elementor-39\">\n\t\t\t\t<div class=\"elementor-element elementor-element-76a09699 e-flex e-con-boxed e-con e-parent\" data-id=\"76a09699\" data-element_type=\"container\" data-settings=\"{&quot;background_background&quot;:&quot;classic&quot;}\">\n\t\t\t\t\t<div class=\"e-con-inner\">\n\t\t<div class=\"elementor-element elementor-element-1d4d4b2 e-con-full e-flex e-con e-child\" data-id=\"1d4d4b2\" data-element_type=\"container\">\n\t\t\t\t<div class=\"elementor-element elementor-element-67788da4 elementor-invisible elementor-widget elementor-widget-heading\" data-id=\"67788da4\" data-element_type=\"widget\" data-settings=\"{&quot;_animation&quot;:&quot;fadeIn&quot;}\" data-widget_type=\"heading.default\">\n\t\t\t\t<div class=\"elementor-widget-container\">\n\t\t\t<style>\/*! elementor - v3.23.0 - 05-08-2024 *\/\n.elementor-heading-title{padding:0;margin:0;line-height:1}.elementor-widget-heading .elementor-heading-title[class*=elementor-size-]>a{color:inherit;font-size:inherit;line-height:inherit}.elementor-widget-heading .elementor-heading-title.elementor-size-small{font-size:15px}.elementor-widget-heading .elementor-heading-title.elementor-size-medium{font-size:19px}.elementor-widget-heading .elementor-heading-title.elementor-size-large{font-size:29px}.elementor-widget-heading .elementor-heading-title.elementor-size-xl{font-size:39px}.elementor-widget-heading .elementor-heading-title.elementor-size-xxl{font-size:59px}<\/style><h2 class=\"elementor-heading-title elementor-size-default\">\"L\u1ecbch s\u1eed h\u00ecnh th\u00e0nh\"<\/h2>\t\t<\/div>\n\t\t\t\t<\/div>\n\t\t\t\t<div class=\"elementor-element elementor-element-6eeabed0 elementor-invisible elementor-widget elementor-widget-text-editor\" data-id=\"6eeabed0\" data-element_type=\"widget\" data-settings=\"{&quot;_animation&quot;:&quot;fadeInRight&quot;}\" data-widget_type=\"text-editor.default\">\n\t\t\t\t<div class=\"elementor-widget-container\">\n\t\t\t<style>\/*! elementor - v3.23.0 - 05-08-2024 *\/\n.elementor-widget-text-editor.elementor-drop-cap-view-stacked .elementor-drop-cap{background-color:#69727d;color:#fff}.elementor-widget-text-editor.elementor-drop-cap-view-framed .elementor-drop-cap{color:#69727d;border:3px solid;background-color:transparent}.elementor-widget-text-editor:not(.elementor-drop-cap-view-default) .elementor-drop-cap{margin-top:8px}.elementor-widget-text-editor:not(.elementor-drop-cap-view-default) .elementor-drop-cap-letter{width:1em;height:1em}.elementor-widget-text-editor .elementor-drop-cap{float:left;text-align:center;line-height:1;font-size:50px}.elementor-widget-text-editor .elementor-drop-cap-letter{display:inline-block}<\/style>\t\t\t\t<p>La Petite \u00c9picerie Saigon \u0111\u01b0\u1ee3c th\u00e0nh l\u1eadp t\u1ea1i TP. H\u1ed3 Ch\u00ed Minh, tr\u01b0\u1edbc \u0111\u00e2y l\u00e0 S\u00e0i G\u00f2n, v\u00e0o n\u0103m 2013 b\u1edfi m\u1ed9t nh\u00f3m b\u1ea1n tr\u1ebb ng\u01b0\u1eddi Ph\u00e1p y\u00eau \u1ea9m th\u1ef1c.<\/p><p>Ni\u1ec1m \u0111am m\u00ea c\u1ee7a h\u1ecd l\u00e0 l\u01b0u l\u1ea1i h\u01b0\u01a1ng v\u1ecb \u0111\u1ecba ph\u01b0\u01a1ng c\u1ee7a mi\u1ec1n nhi\u1ec7t \u0111\u1edbi Nam B\u1ed9 Vi\u1ec7t Nam, n\u1ed5i ti\u1ebfng v\u1edbi s\u1ef1 phong ph\u00fa c\u1ee7a c\u00e1c lo\u1ea1i tr\u00e1i c\u00e2y t\u01b0\u01a1i ngon v\u00e0 gia v\u1ecb \u0111\u1eadm \u0111\u00e0, trong c\u00e1c s\u1ea3n ph\u1ea9m cao c\u1ea5p mang phong c\u00e1ch Ph\u00e1p.<\/p>\t\t\t\t\t\t<\/div>\n\t\t\t\t<\/div>\n\t\t\t\t<\/div>\n\t\t<div class=\"elementor-element elementor-element-6403628d e-con-full e-flex e-con e-child\" data-id=\"6403628d\" data-element_type=\"container\">\n\t\t\t\t<div class=\"elementor-element elementor-element-45c1aac elementor-invisible elementor-widget elementor-widget-image\" data-id=\"45c1aac\" data-element_type=\"widget\" data-settings=\"{&quot;_animation&quot;:&quot;fadeInLeft&quot;}\" data-widget_type=\"image.default\">\n\t\t\t\t<div class=\"elementor-widget-container\">\n\t\t\t<style>\/*! elementor - v3.23.0 - 05-08-2024 *\/\n.elementor-widget-image{text-align:center}.elementor-widget-image a{display:inline-block}.elementor-widget-image a img[src$=\".svg\"]{width:48px}.elementor-widget-image img{vertical-align:middle;display:inline-block}<\/style>\t\t\t\t\t\t\t\t\t\t<img fetchpriority=\"high\" decoding=\"async\" width=\"470\" height=\"317\" src=\"https:\/\/lpesaigon.com.vn\/wp-content\/uploads\/2024\/08\/ous-history-e1724377963146.jpg\" class=\"attachment-full size-full wp-image-163\" alt=\"\" \/>\t\t\t\t\t\t\t\t\t\t\t\t\t<\/div>\n\t\t\t\t<\/div>\n\t\t\t\t<\/div>\n\t\t\t\t\t<\/div>\n\t\t\t\t<\/div>\n\t\t<div class=\"elementor-element elementor-element-640958ac e-flex e-con-boxed e-con e-parent\" data-id=\"640958ac\" data-element_type=\"container\" data-settings=\"{&quot;background_background&quot;:&quot;classic&quot;}\">\n\t\t\t\t\t<div class=\"e-con-inner\">\n\t\t<div class=\"elementor-element elementor-element-253dde45 e-con-full e-flex e-con e-child\" data-id=\"253dde45\" data-element_type=\"container\">\n\t\t\t\t<div class=\"elementor-element elementor-element-7365f2c6 elementor-invisible elementor-widget elementor-widget-heading\" data-id=\"7365f2c6\" data-element_type=\"widget\" data-settings=\"{&quot;_animation&quot;:&quot;fadeIn&quot;}\" data-widget_type=\"heading.default\">\n\t\t\t\t<div class=\"elementor-widget-container\">\n\t\t\t<h2 class=\"elementor-heading-title elementor-size-default\">\"T\u1ea7m nh\u00ecn\"<\/h2>\t\t<\/div>\n\t\t\t\t<\/div>\n\t\t\t\t<div class=\"elementor-element elementor-element-387343a5 elementor-invisible elementor-widget elementor-widget-text-editor\" data-id=\"387343a5\" data-element_type=\"widget\" data-settings=\"{&quot;_animation&quot;:&quot;fadeInLeft&quot;}\" data-widget_type=\"text-editor.default\">\n\t\t\t\t<div class=\"elementor-widget-container\">\n\t\t\t\t\t\t\t<p>Ch\u00fang t\u00f4i mong mu\u1ed1n mang \u0111\u1ebfn cho b\u1ea1n c\u00e1c tr\u1ea3i nghi\u1ec7m h\u01b0\u01a1ng v\u1ecb tuy\u1ec7t v\u1eddi nh\u1ea5t m\u00e0 v\u00f9ng mi\u1ec1n Nam Vi\u1ec7t Nam v\u00e0 \u0110\u00f4ng D\u01b0\u01a1ng - m\u1ed9t thi\u00ean \u0111\u01b0\u1eddng \u1ea9m th\u1ef1c theo nhi\u1ec1u c\u00e1ch - c\u00f3 th\u1ec3 cung c\u1ea5p.<\/p><p>Mi\u1ec1n Nam Vi\u1ec7t Nam t\u1eeb l\u00e2u \u0111\u00e3 \u0111\u01b0\u1ee3c bi\u1ebft \u0111\u1ebfn nh\u01b0 v\u1ef1a l\u00faa c\u1ee7a \u0110\u00f4ng D\u01b0\u01a1ng, v\u1edbi v\u00f9ng \u0111\u1ed3ng b\u1eb1ng s\u00f4ng C\u1eedu Long - \u201ckho b\u00e1u sinh h\u1ecdc\u201d - bao tr\u00f9m ph\u1ea7n l\u1edbn mi\u1ec1n Nam Vi\u1ec7t Nam v\u00e0 Campuchia.<\/p>\t\t\t\t\t\t<\/div>\n\t\t\t\t<\/div>\n\t\t\t\t<\/div>\n\t\t<div class=\"elementor-element elementor-element-1db814ec e-con-full e-flex e-con e-child\" data-id=\"1db814ec\" data-element_type=\"container\">\n\t\t\t\t<div class=\"elementor-element elementor-element-95eba7 elementor-invisible elementor-widget elementor-widget-image\" data-id=\"95eba7\" data-element_type=\"widget\" data-settings=\"{&quot;_animation&quot;:&quot;fadeInRight&quot;}\" data-widget_type=\"image.default\">\n\t\t\t\t<div class=\"elementor-widget-container\">\n\t\t\t\t\t\t\t\t\t\t\t\t\t<img decoding=\"async\" width=\"956\" height=\"647\" src=\"https:\/\/lpesaigon.com.vn\/wp-content\/uploads\/2024\/08\/chanh-day.jpg\" class=\"attachment-full size-full wp-image-481\" alt=\"\" srcset=\"https:\/\/lpesaigon.com.vn\/wp-content\/uploads\/2024\/08\/chanh-day.jpg 956w, https:\/\/lpesaigon.com.vn\/wp-content\/uploads\/2024\/08\/chanh-day-600x406.jpg 600w, https:\/\/lpesaigon.com.vn\/wp-content\/uploads\/2024\/08\/chanh-day-300x203.jpg 300w, https:\/\/lpesaigon.com.vn\/wp-content\/uploads\/2024\/08\/chanh-day-768x520.jpg 768w\" sizes=\"(max-width: 956px) 100vw, 956px\" \/>\t\t\t\t\t\t\t\t\t\t\t\t\t<\/div>\n\t\t\t\t<\/div>\n\t\t\t\t<\/div>\n\t\t\t\t\t<\/div>\n\t\t\t\t<\/div>\n\t\t<div class=\"elementor-element elementor-element-6bdd5a9e e-flex e-con-boxed e-con e-parent\" data-id=\"6bdd5a9e\" data-element_type=\"container\" data-settings=\"{&quot;background_background&quot;:&quot;classic&quot;}\">\n\t\t\t\t\t<div class=\"e-con-inner\">\n\t\t<div class=\"elementor-element elementor-element-2ac79bbf e-con-full e-flex e-con e-child\" data-id=\"2ac79bbf\" data-element_type=\"container\">\n\t\t\t\t<div class=\"elementor-element elementor-element-24443e54 elementor-invisible elementor-widget elementor-widget-heading\" data-id=\"24443e54\" data-element_type=\"widget\" data-settings=\"{&quot;_animation&quot;:&quot;fadeIn&quot;}\" data-widget_type=\"heading.default\">\n\t\t\t\t<div class=\"elementor-widget-container\">\n\t\t\t<h2 class=\"elementor-heading-title elementor-size-default\">\"S\u1eed d\u1ee5ng nguy\u00ean li\u1ec7u \u0111\u1ecba ph\u01b0\u01a1ng t\u1ed1t nh\u1ea5t\"<\/h2>\t\t<\/div>\n\t\t\t\t<\/div>\n\t\t\t\t<div class=\"elementor-element elementor-element-aaa6ff7 elementor-invisible elementor-widget elementor-widget-text-editor\" data-id=\"aaa6ff7\" data-element_type=\"widget\" data-settings=\"{&quot;_animation&quot;:&quot;fadeInRight&quot;}\" data-widget_type=\"text-editor.default\">\n\t\t\t\t<div class=\"elementor-widget-container\">\n\t\t\t\t\t\t\t<p>\u0110\u1ec3 mang \u0111\u1ebfn cho b\u1ea1n tr\u1ea3i nghi\u1ec7m h\u01b0\u01a1ng v\u1ecb tuy\u1ec7t v\u1eddi nh\u1ea5t m\u00e0 mi\u1ec1n Nam Vi\u1ec7t Nam v\u00e0 \u0110\u00f4ng D\u01b0\u01a1ng c\u00f3 th\u1ec3 cung c\u1ea5p, ch\u00fang t\u00f4i ch\u1ec9 s\u1eed d\u1ee5ng ngu\u1ed3n nguy\u00ean li\u1ec7u \u0111\u1ecba ph\u01b0\u01a1ng t\u1eeb kh\u1eafp mi\u1ec1n Nam Vi\u1ec7t Nam.<\/p><p>T\u1ea5t c\u1ea3 nguy\u00ean li\u1ec7u c\u1ee7a ch\u00fang t\u00f4i \u0111\u1ec1u \u0111\u01b0\u1ee3c l\u1ef1a ch\u1ecdn k\u1ef9 l\u01b0\u1ee1ng t\u1eeb c\u00e1c nh\u00e0 s\u1ea3n xu\u1ea5t \u0111\u1ecba ph\u01b0\u01a1ng v\u00e0 tu\u00e2n th\u1ee7 c\u00e1c ti\u00eau chu\u1ea9n qu\u1ed1c t\u1ebf nghi\u00eam ng\u1eb7t, HACCP, \u0111\u1ec3 \u0111\u1ea3m b\u1ea3o s\u1ea3n ph\u1ea9m ch\u1ea5t l\u01b0\u1ee3ng t\u1ed1t nh\u1ea5t.<\/p>\t\t\t\t\t\t<\/div>\n\t\t\t\t<\/div>\n\t\t\t\t<\/div>\n\t\t<div class=\"elementor-element elementor-element-32d50c4e e-con-full e-flex e-con e-child\" data-id=\"32d50c4e\" data-element_type=\"container\">\n\t\t\t\t<div class=\"elementor-element elementor-element-7a676397 elementor-invisible elementor-widget elementor-widget-image\" data-id=\"7a676397\" data-element_type=\"widget\" data-settings=\"{&quot;_animation&quot;:&quot;fadeInLeft&quot;}\" data-widget_type=\"image.default\">\n\t\t\t\t<div class=\"elementor-widget-container\">\n\t\t\t\t\t\t\t\t\t\t\t\t\t<img decoding=\"async\" width=\"514\" height=\"709\" src=\"https:\/\/lpesaigon.com.vn\/wp-content\/uploads\/2024\/08\/chanh-day-2.jpg\" class=\"attachment-full size-full wp-image-540\" alt=\"\" srcset=\"https:\/\/lpesaigon.com.vn\/wp-content\/uploads\/2024\/08\/chanh-day-2.jpg 514w, https:\/\/lpesaigon.com.vn\/wp-content\/uploads\/2024\/08\/chanh-day-2-217x300.jpg 217w\" sizes=\"(max-width: 514px) 100vw, 514px\" \/>\t\t\t\t\t\t\t\t\t\t\t\t\t<\/div>\n\t\t\t\t<\/div>\n\t\t\t\t<\/div>\n\t\t\t\t\t<\/div>\n\t\t\t\t<\/div>\n\t\t<div class=\"elementor-element elementor-element-257e479b e-flex e-con-boxed e-con e-parent\" data-id=\"257e479b\" data-element_type=\"container\" data-settings=\"{&quot;background_background&quot;:&quot;classic&quot;}\">\n\t\t\t\t\t<div class=\"e-con-inner\">\n\t\t<div class=\"elementor-element elementor-element-ea9f2ea e-con-full e-flex e-con e-child\" data-id=\"ea9f2ea\" data-element_type=\"container\">\n\t\t\t\t<div class=\"elementor-element elementor-element-51a0f30c elementor-invisible elementor-widget elementor-widget-heading\" data-id=\"51a0f30c\" data-element_type=\"widget\" data-settings=\"{&quot;_animation&quot;:&quot;fadeIn&quot;}\" data-widget_type=\"heading.default\">\n\t\t\t\t<div class=\"elementor-widget-container\">\n\t\t\t<h2 class=\"elementor-heading-title elementor-size-default\">\"M\u00f3n \u0103n ngon nh\u1ea5t l\u00e0 m\u00f3n \u0103n n\u1ea5u t\u1ea1i nh\u00e0\"<\/h2>\t\t<\/div>\n\t\t\t\t<\/div>\n\t\t\t\t<div class=\"elementor-element elementor-element-753b2049 elementor-invisible elementor-widget elementor-widget-text-editor\" data-id=\"753b2049\" data-element_type=\"widget\" data-settings=\"{&quot;_animation&quot;:&quot;fadeInLeft&quot;}\" data-widget_type=\"text-editor.default\">\n\t\t\t\t<div class=\"elementor-widget-container\">\n\t\t\t\t\t\t\t<p>Ch\u00fang t\u00f4i t\u1ef1 h\u00e0o v\u1ec1 \u0111\u1ed9i ng\u0169 nh\u00e2n vi\u00ean t\u00e0i n\u0103ng v\u00e0 trung th\u00e0nh, nh\u1eefng ng\u01b0\u1eddi lu\u00f4n \u0111am m\u00ea trong vi\u1ec7c ch\u1ebf bi\u1ebfn c\u00e1c s\u1ea3n ph\u1ea9m.<\/p><p>Ch\u00fang t\u00f4i t\u1ef1 h\u00e0o v\u1ec1 c\u00e1c s\u1ea3n ph\u1ea9m c\u1ee7a m\u00ecnh v\u00e0 kh\u00f4ng sai khi n\u00f3i r\u1eb1ng \u0111\u1ed9i ng\u0169 s\u1ea3n xu\u1ea5t c\u1ee7a ch\u00fang t\u00f4i \u201cn\u1ea5u \u0103n b\u1eb1ng c\u1ea3 tr\u00e1i tim\u201d.<\/p><p>Ch\u00fang t\u00f4i tin r\u1eb1ng m\u00f3n \u0103n ngon nh\u1ea5t l\u00e0 m\u00f3n \u0103n \u0111\u01b0\u1ee3c n\u1ea5u t\u1ea1i nh\u00e0.<\/p>\t\t\t\t\t\t<\/div>\n\t\t\t\t<\/div>\n\t\t\t\t<\/div>\n\t\t<div class=\"elementor-element elementor-element-70323875 e-con-full e-flex e-con e-child\" data-id=\"70323875\" data-element_type=\"container\">\n\t\t\t\t<div class=\"elementor-element elementor-element-213c4257 elementor-invisible elementor-widget elementor-widget-image\" data-id=\"213c4257\" data-element_type=\"widget\" data-settings=\"{&quot;_animation&quot;:&quot;fadeInRight&quot;}\" data-widget_type=\"image.default\">\n\t\t\t\t<div class=\"elementor-widget-container\">\n\t\t\t\t\t\t\t\t\t\t\t\t\t<img loading=\"lazy\" decoding=\"async\" width=\"844\" height=\"637\" src=\"https:\/\/lpesaigon.com.vn\/wp-content\/uploads\/2024\/08\/cong-nhan.png\" class=\"attachment-large size-large wp-image-565\" alt=\"\" srcset=\"https:\/\/lpesaigon.com.vn\/wp-content\/uploads\/2024\/08\/cong-nhan.png 844w, https:\/\/lpesaigon.com.vn\/wp-content\/uploads\/2024\/08\/cong-nhan-600x453.png 600w, https:\/\/lpesaigon.com.vn\/wp-content\/uploads\/2024\/08\/cong-nhan-300x226.png 300w, https:\/\/lpesaigon.com.vn\/wp-content\/uploads\/2024\/08\/cong-nhan-768x580.png 768w\" sizes=\"(max-width: 844px) 100vw, 844px\" \/>\t\t\t\t\t\t\t\t\t\t\t\t\t<\/div>\n\t\t\t\t<\/div>\n\t\t\t\t<\/div>\n\t\t\t\t\t<\/div>\n\t\t\t\t<\/div>\n\t\t<div class=\"elementor-element elementor-element-46535aa8 e-flex e-con-boxed e-con e-parent\" data-id=\"46535aa8\" data-element_type=\"container\" data-settings=\"{&quot;background_background&quot;:&quot;classic&quot;}\">\n\t\t\t\t\t<div class=\"e-con-inner\">\n\t\t<div class=\"elementor-element elementor-element-6d6dfe33 e-con-full e-flex e-con e-child\" data-id=\"6d6dfe33\" data-element_type=\"container\">\n\t\t\t\t<div class=\"elementor-element elementor-element-6d1a5262 elementor-invisible elementor-widget elementor-widget-heading\" data-id=\"6d1a5262\" data-element_type=\"widget\" data-settings=\"{&quot;_animation&quot;:&quot;fadeIn&quot;}\" data-widget_type=\"heading.default\">\n\t\t\t\t<div class=\"elementor-widget-container\">\n\t\t\t<h2 class=\"elementor-heading-title elementor-size-default\">\"M\u1ed9t c\u0103n b\u1ebfp r\u1ed9ng\"<\/h2>\t\t<\/div>\n\t\t\t\t<\/div>\n\t\t\t\t<div class=\"elementor-element elementor-element-1323e1ba elementor-invisible elementor-widget elementor-widget-text-editor\" data-id=\"1323e1ba\" data-element_type=\"widget\" data-settings=\"{&quot;_animation&quot;:&quot;fadeInRight&quot;}\" data-widget_type=\"text-editor.default\">\n\t\t\t\t<div class=\"elementor-widget-container\">\n\t\t\t\t\t\t\t<p>\u0110\u00f3 l\u00e0 l\u00fd do t\u1ea1i sao c\u01a1 s\u1edf s\u1ea3n xu\u1ea5t c\u1ee7a ch\u00fang t\u00f4i l\u1ea1i n\u1eb1m \u1edf ngo\u1ea1i \u00f4 TP H\u1ed3 Ch\u00ed Minh, tr\u01b0\u1edbc \u0111\u00e2y l\u00e0 S\u00e0i G\u00f2n, th\u1ef1c s\u1ef1 gi\u1ed1ng nh\u01b0 m\u1ed9t c\u0103n b\u1ebfp n\u00f4ng th\u00f4n quy m\u00f4 l\u1edbn.<\/p><p>Khi ph\u00e1t tri\u1ec3n, ch\u00fang t\u00f4i \u0111\u00e3 ch\u1ecdn kh\u00f4ng c\u00f4ng nghi\u1ec7p h\u00f3a quy tr\u00ecnh s\u1ea3n xu\u1ea5t, m\u00e0 thay v\u00e0o \u0111\u00f3 l\u00e0 b\u1ed5 sung th\u00eam nhi\u1ec1u khu v\u1ef1c ch\u1ebf bi\u1ebfn v\u00e0 n\u1ea5u n\u01b0\u1edbng, v\u1edbi \u0111\u1ed9i ng\u0169 \u0111\u1ed3ng nghi\u1ec7p t\u1eadn t\u00e2m, nh\u1eb1m \u0111\u1ea3m b\u1ea3o r\u1eb1ng ch\u00fang t\u00f4i gi\u1eef \u0111\u01b0\u1ee3c ch\u1ea5t l\u01b0\u1ee3ng s\u1ea3n ph\u1ea9m t\u1ef1 ch\u1ebf bi\u1ebfn.<\/p>\t\t\t\t\t\t<\/div>\n\t\t\t\t<\/div>\n\t\t\t\t<\/div>\n\t\t<div class=\"elementor-element elementor-element-71fe5597 e-con-full e-flex e-con e-child\" data-id=\"71fe5597\" data-element_type=\"container\">\n\t\t\t\t<div class=\"elementor-element elementor-element-3dfa606d elementor-invisible elementor-widget elementor-widget-image\" data-id=\"3dfa606d\" data-element_type=\"widget\" data-settings=\"{&quot;_animation&quot;:&quot;fadeInLeft&quot;}\" data-widget_type=\"image.default\">\n\t\t\t\t<div class=\"elementor-widget-container\">\n\t\t\t\t\t\t\t\t\t\t\t\t\t<img loading=\"lazy\" decoding=\"async\" width=\"849\" height=\"599\" src=\"https:\/\/lpesaigon.com.vn\/wp-content\/uploads\/2024\/08\/bep-nau.jpg\" class=\"attachment-full size-full wp-image-575\" alt=\"\" srcset=\"https:\/\/lpesaigon.com.vn\/wp-content\/uploads\/2024\/08\/bep-nau.jpg 849w, https:\/\/lpesaigon.com.vn\/wp-content\/uploads\/2024\/08\/bep-nau-600x423.jpg 600w, https:\/\/lpesaigon.com.vn\/wp-content\/uploads\/2024\/08\/bep-nau-300x212.jpg 300w, https:\/\/lpesaigon.com.vn\/wp-content\/uploads\/2024\/08\/bep-nau-768x542.jpg 768w\" sizes=\"(max-width: 849px) 100vw, 849px\" \/>\t\t\t\t\t\t\t\t\t\t\t\t\t<\/div>\n\t\t\t\t<\/div>\n\t\t\t\t<\/div>\n\t\t\t\t\t<\/div>\n\t\t\t\t<\/div>\n\t\t<div class=\"elementor-element elementor-element-702f88a9 e-flex e-con-boxed e-con e-parent\" data-id=\"702f88a9\" data-element_type=\"container\" data-settings=\"{&quot;background_background&quot;:&quot;classic&quot;}\">\n\t\t\t\t\t<div class=\"e-con-inner\">\n\t\t<div class=\"elementor-element elementor-element-4e95d8db e-con-full e-flex e-con e-child\" data-id=\"4e95d8db\" data-element_type=\"container\">\n\t\t\t\t<div class=\"elementor-element elementor-element-1be21294 elementor-widget elementor-widget-heading\" data-id=\"1be21294\" data-element_type=\"widget\" data-widget_type=\"heading.default\">\n\t\t\t\t<div class=\"elementor-widget-container\">\n\t\t\t<h2 class=\"elementor-heading-title elementor-size-default\">\"Ch\u1ee9ng nh\u1eadn\"<\/h2>\t\t<\/div>\n\t\t\t\t<\/div>\n\t\t\t\t<div class=\"elementor-element elementor-element-7a9f3513 elementor-invisible elementor-widget elementor-widget-text-editor\" data-id=\"7a9f3513\" data-element_type=\"widget\" data-settings=\"{&quot;_animation&quot;:&quot;fadeInLeft&quot;}\" data-widget_type=\"text-editor.default\">\n\t\t\t\t<div class=\"elementor-widget-container\">\n\t\t\t\t\t\t\t<p>Ch\u00fang t\u00f4i kh\u00f4ng ch\u1ec9 \u0111\u01b0\u1ee3c c\u00f4ng nh\u1eadn d\u1ef1a tr\u00ean c\u00e1c y\u00eau c\u1ea7u an to\u00e0n th\u1ef1c ph\u1ea9m c\u1ee7a Vi\u1ec7t Nam m\u00e0 c\u00f2n \u0111\u01b0\u1ee3c ch\u1ee9ng nh\u1eadn HACCP, h\u1ec7 th\u1ed1ng an to\u00e0n th\u1ef1c ph\u1ea9m to\u00e0n c\u1ea7u - \u0111\u01b0\u1ee3c thi\u1ebft k\u1ebf \u0111\u1ec3 x\u00e1c \u0111\u1ecbnh v\u00e0 ki\u1ec3m so\u00e1t m\u1ecdi nguy c\u01a1 c\u00f3 th\u1ec3 x\u1ea3y ra trong qu\u00e1 tr\u00ecnh s\u1ea3n xu\u1ea5t th\u1ef1c ph\u1ea9m, ng\u0103n ng\u1eeba s\u1ef1 xu\u1ea5t hi\u1ec7n c\u1ee7a ch\u00fang, \u0111\u1ea3m b\u1ea3o th\u1ef1c ph\u1ea9m an to\u00e0n cho ng\u01b0\u1eddi ti\u00eau d\u00f9ng v\u00e0 b\u1ea3o v\u1ec7 ng\u01b0\u1eddi ti\u00eau d\u00f9ng.<\/p>\t\t\t\t\t\t<\/div>\n\t\t\t\t<\/div>\n\t\t\t\t<\/div>\n\t\t<div class=\"elementor-element elementor-element-692b8d10 e-con-full e-flex e-con e-child\" data-id=\"692b8d10\" data-element_type=\"container\">\n\t\t\t\t<div class=\"elementor-element elementor-element-7ae277e7 elementor-invisible elementor-widget elementor-widget-image\" data-id=\"7ae277e7\" data-element_type=\"widget\" data-settings=\"{&quot;_animation&quot;:&quot;fadeInRight&quot;}\" data-widget_type=\"image.default\">\n\t\t\t\t<div class=\"elementor-widget-container\">\n\t\t\t\t\t\t\t\t\t\t\t\t\t<img loading=\"lazy\" decoding=\"async\" width=\"1024\" height=\"1024\" src=\"https:\/\/lpesaigon.com.vn\/wp-content\/uploads\/2026\/03\/Blank-2-Grids-Collage-6-1024x1024.jpg\" class=\"attachment-large size-large wp-image-3043\" alt=\"\" srcset=\"https:\/\/lpesaigon.com.vn\/wp-content\/uploads\/2026\/03\/Blank-2-Grids-Collage-6-1024x1024.jpg 1024w, https:\/\/lpesaigon.com.vn\/wp-content\/uploads\/2026\/03\/Blank-2-Grids-Collage-6-300x300.jpg 300w, https:\/\/lpesaigon.com.vn\/wp-content\/uploads\/2026\/03\/Blank-2-Grids-Collage-6-150x150.jpg 150w, https:\/\/lpesaigon.com.vn\/wp-content\/uploads\/2026\/03\/Blank-2-Grids-Collage-6-768x768.jpg 768w, https:\/\/lpesaigon.com.vn\/wp-content\/uploads\/2026\/03\/Blank-2-Grids-Collage-6-1536x1536.jpg 1536w, https:\/\/lpesaigon.com.vn\/wp-content\/uploads\/2026\/03\/Blank-2-Grids-Collage-6-12x12.jpg 12w, https:\/\/lpesaigon.com.vn\/wp-content\/uploads\/2026\/03\/Blank-2-Grids-Collage-6-600x600.jpg 600w, https:\/\/lpesaigon.com.vn\/wp-content\/uploads\/2026\/03\/Blank-2-Grids-Collage-6-100x100.jpg 100w, https:\/\/lpesaigon.com.vn\/wp-content\/uploads\/2026\/03\/Blank-2-Grids-Collage-6.jpg 2000w\" sizes=\"(max-width: 1024px) 100vw, 1024px\" \/>\t\t\t\t\t\t\t\t\t\t\t\t\t<\/div>\n\t\t\t\t<\/div>\n\t\t\t\t<\/div>\n\t\t\t\t\t<\/div>\n\t\t\t\t<\/div>\n\t\t<div class=\"elementor-element elementor-element-dafffdb e-flex e-con-boxed e-con e-parent\" data-id=\"dafffdb\" data-element_type=\"container\">\n\t\t\t\t\t<div class=\"e-con-inner\">\n\t\t\t\t\t<\/div>\n\t\t\t\t<\/div>\n\t\t\t\t<\/div>","protected":false},"excerpt":{"rendered":"<p>\u201cOur history\u201d La Petite \u00c9picerie Saigon was founded in Ho Chi Minh City, formerly Saigon, in 2013 by a group [&hellip;]<\/p>","protected":false},"author":1,"featured_media":0,"parent":0,"menu_order":2,"comment_status":"closed","ping_status":"closed","template":"","meta":{"site-sidebar-layout":"no-sidebar","site-content-layout":"","ast-site-content-layout":"full-width-container","site-content-style":"default","site-sidebar-style":"default","ast-global-header-display":"","ast-banner-title-visibility":"","ast-main-header-display":"","ast-hfb-above-header-display":"","ast-hfb-below-header-display":"","ast-hfb-mobile-header-display":"","site-post-title":"disabled","ast-breadcrumbs-content":"","ast-featured-img":"disabled","footer-sml-layout":"","theme-transparent-header-meta":"","adv-header-id-meta":"","stick-header-meta":"","header-above-stick-meta":"","header-main-stick-meta":"","header-below-stick-meta":"","astra-migrate-meta-layouts":"default","ast-page-background-enabled":"default","ast-page-background-meta":{"desktop":{"background-color":"var(--ast-global-color-4)","background-image":"","background-repeat":"repeat","background-position":"center center","background-size":"auto","background-attachment":"scroll","background-type":"","background-media":"","overlay-type":"","overlay-color":"","overlay-opacity":"","overlay-gradient":""},"tablet":{"background-color":"","background-image":"","background-repeat":"repeat","background-position":"center center","background-size":"auto","background-attachment":"scroll","background-type":"","background-media":"","overlay-type":"","overlay-color":"","overlay-opacity":"","overlay-gradient":""},"mobile":{"background-color":"","background-image":"","background-repeat":"repeat","background-position":"center center","background-size":"auto","background-attachment":"scroll","background-type":"","background-media":"","overlay-type":"","overlay-color":"","overlay-opacity":"","overlay-gradient":""}},"ast-content-background-meta":{"desktop":{"background-color":"var(--ast-global-color-5)","background-image":"","background-repeat":"repeat","background-position":"center center","background-size":"auto","background-attachment":"scroll","background-type":"","background-media":"","overlay-type":"","overlay-color":"","overlay-opacity":"","overlay-gradient":""},"tablet":{"background-color":"var(--ast-global-color-5)","background-image":"","background-repeat":"repeat","background-position":"center center","background-size":"auto","background-attachment":"scroll","background-type":"","background-media":"","overlay-type":"","overlay-color":"","overlay-opacity":"","overlay-gradient":""},"mobile":{"background-color":"var(--ast-global-color-5)","background-image":"","background-repeat":"repeat","background-position":"center center","background-size":"auto","background-attachment":"scroll","background-type":"","background-media":"","overlay-type":"","overlay-color":"","overlay-opacity":"","overlay-gradient":""}},"footnotes":""},"class_list":["post-39","page","type-page","status-publish","hentry"],"_links":{"self":[{"href":"https:\/\/lpesaigon.com.vn\/vi\/wp-json\/wp\/v2\/pages\/39","targetHints":{"allow":["GET"]}}],"collection":[{"href":"https:\/\/lpesaigon.com.vn\/vi\/wp-json\/wp\/v2\/pages"}],"about":[{"href":"https:\/\/lpesaigon.com.vn\/vi\/wp-json\/wp\/v2\/types\/page"}],"author":[{"embeddable":true,"href":"https:\/\/lpesaigon.com.vn\/vi\/wp-json\/wp\/v2\/users\/1"}],"replies":[{"embeddable":true,"href":"https:\/\/lpesaigon.com.vn\/vi\/wp-json\/wp\/v2\/comments?post=39"}],"version-history":[{"count":439,"href":"https:\/\/lpesaigon.com.vn\/vi\/wp-json\/wp\/v2\/pages\/39\/revisions"}],"predecessor-version":[{"id":3046,"href":"https:\/\/lpesaigon.com.vn\/vi\/wp-json\/wp\/v2\/pages\/39\/revisions\/3046"}],"wp:attachment":[{"href":"https:\/\/lpesaigon.com.vn\/vi\/wp-json\/wp\/v2\/media?parent=39"}],"curies":[{"name":"wp","href":"https:\/\/api.w.org\/{rel}","templated":true}]}}