{"id":1955,"date":"2024-09-29T16:40:05","date_gmt":"2024-09-29T09:40:05","guid":{"rendered":"https:\/\/lpesaigon.com.vn\/?page_id=1955"},"modified":"2024-11-26T16:58:29","modified_gmt":"2024-11-26T09:58:29","slug":"our-services","status":"publish","type":"page","link":"https:\/\/lpesaigon.com.vn\/vi\/our-services\/","title":{"rendered":"D\u1ecaCH V\u1ee4"},"content":{"rendered":"<div data-elementor-type=\"wp-page\" data-elementor-id=\"1955\" class=\"elementor elementor-1955\">\n\t\t\t\t<div class=\"elementor-element elementor-element-3b558fa6 e-flex e-con-boxed e-con e-parent\" data-id=\"3b558fa6\" data-element_type=\"container\" data-settings=\"{&quot;background_background&quot;:&quot;classic&quot;}\">\n\t\t\t\t\t<div class=\"e-con-inner\">\n\t\t<div class=\"elementor-element elementor-element-18daed70 e-con-full e-flex e-con e-child\" data-id=\"18daed70\" data-element_type=\"container\">\n\t\t\t\t<div class=\"elementor-element elementor-element-2fc47b34 elementor-widget elementor-widget-heading\" data-id=\"2fc47b34\" data-element_type=\"widget\" data-widget_type=\"heading.default\">\n\t\t\t\t<div class=\"elementor-widget-container\">\n\t\t\t<style>\/*! elementor - v3.23.0 - 05-08-2024 *\/\n.elementor-heading-title{padding:0;margin:0;line-height:1}.elementor-widget-heading .elementor-heading-title[class*=elementor-size-]>a{color:inherit;font-size:inherit;line-height:inherit}.elementor-widget-heading .elementor-heading-title.elementor-size-small{font-size:15px}.elementor-widget-heading .elementor-heading-title.elementor-size-medium{font-size:19px}.elementor-widget-heading .elementor-heading-title.elementor-size-large{font-size:29px}.elementor-widget-heading .elementor-heading-title.elementor-size-xl{font-size:39px}.elementor-widget-heading .elementor-heading-title.elementor-size-xxl{font-size:59px}<\/style><h2 class=\"elementor-heading-title elementor-size-default\">\"Ng\u00e0nh B\u00e1n l\u1ebb\"<\/h2>\t\t<\/div>\n\t\t\t\t<\/div>\n\t\t\t\t<div class=\"elementor-element elementor-element-7ff297e elementor-invisible elementor-widget elementor-widget-text-editor\" data-id=\"7ff297e\" data-element_type=\"widget\" data-settings=\"{&quot;_animation&quot;:&quot;fadeInRight&quot;}\" data-widget_type=\"text-editor.default\">\n\t\t\t\t<div class=\"elementor-widget-container\">\n\t\t\t<style>\/*! elementor - v3.23.0 - 05-08-2024 *\/\n.elementor-widget-text-editor.elementor-drop-cap-view-stacked .elementor-drop-cap{background-color:#69727d;color:#fff}.elementor-widget-text-editor.elementor-drop-cap-view-framed .elementor-drop-cap{color:#69727d;border:3px solid;background-color:transparent}.elementor-widget-text-editor:not(.elementor-drop-cap-view-default) .elementor-drop-cap{margin-top:8px}.elementor-widget-text-editor:not(.elementor-drop-cap-view-default) .elementor-drop-cap-letter{width:1em;height:1em}.elementor-widget-text-editor .elementor-drop-cap{float:left;text-align:center;line-height:1;font-size:50px}.elementor-widget-text-editor .elementor-drop-cap-letter{display:inline-block}<\/style>\t\t\t\t<p>Ch\u00fang t\u00f4i cung c\u1ea5p c\u00e1c s\u1ef1 l\u1ef1a ch\u1ecdn phong ph\u00fa cho c\u00e1c lo\u1ea1i m\u1ee9t tr\u00e1i c\u00e2y, m\u1eadt ong nguy\u00ean ch\u1ea5t v\u00e0 b\u01a1 \u0111\u1eadu ph\u1ed9ng, t\u1ea5t c\u1ea3 \u0111\u1ec1u c\u00f3 s\u1eb5n trong c\u00e1c h\u0169 30g, 100g, 220g v\u00e0 780g. T\u1ea5t c\u1ea3 \u0111\u1ec1u \u0111\u01b0\u1ee3c n\u1ea5u t\u1ea1i nh\u00e0, ch\u1ebf bi\u1ebfn quy m\u00f4 nh\u1ecf, d\u1ef1a tr\u00ean h\u01b0\u01a1ng v\u1ecb truy\u1ec1n th\u1ed1ng, v\u1edbi nguy\u00ean li\u1ec7u ch\u1ea5t l\u01b0\u1ee3ng cao nh\u1ea5t.<\/p><p>B\u00ean c\u1ea1nh \u0111\u00f3, ch\u00fang t\u00f4i c\u0169ng cung c\u1ea5p m\u1ed9t lo\u1ea1t c\u00e1c lo\u1ea1i tr\u00e1i c\u00e2y s\u1ea5y d\u1ebbo - l\u00e0m t\u1eeb nguy\u00ean li\u1ec7u tr\u00e1i c\u00e2y t\u01b0\u01a1i \u0111\u01b0\u1ee3c cung c\u1ea5p t\u1eeb c\u00e1c h\u1ed9 n\u00f4ng d\u00e2n nh\u1ecf, \u0111\u1ea1t ch\u1ee9ng nh\u1eadn VietGAP tr\u00ean kh\u1eafp mi\u1ec1n Nam Vi\u1ec7t Nam, s\u1ea5y \u1edf nhi\u1ec7t \u0111\u1ed9 th\u1ea5p \u0111\u1ec3 t\u1ed1i \u0111a h\u00f3a vi\u1ec7c b\u1ea3o qu\u1ea3n ch\u1ea5t dinh d\u01b0\u1ee1ng, h\u01b0\u01a1ng v\u1ecb v\u00e0 m\u00f9i th\u01a1m, t\u1ea1o n\u00ean c\u1ea3m gi\u00e1c \u201cd\u1ebbo m\u1ec1m\u201d v\u1edbi c\u00e1c mi\u1ebfng tr\u00e1i c\u00e2y \u0111\u01b0\u1ee3c c\u1eaft th\u00e0nh t\u1eebng mi\u1ebfng nh\u1ecf ti\u1ec7n l\u1ee3i v\u00e0 c\u00f3 s\u1eb5n trong c\u00e1c t\u00fai 20g, 40g v\u00e0 100g.<\/p><p>Nh\u1eefng h\u1ed9p qu\u00e0 sang tr\u1ecdng - m\u00f3n qu\u00e0 ho\u00e0n h\u1ea3o cho c\u00e1c d\u1ecbp \u0111\u1eb7c bi\u1ec7t. C\u00e1c h\u1ed9p qu\u00e0 n\u00e0y bao g\u1ed3m t\u1eeb 2 \u0111\u1ebfn 9 h\u1eef m\u1ee9t, m\u1eadt ong ho\u1eb7c b\u01a1 \u0111\u1eadu ph\u1ed9ng 30g.<\/p>\t\t\t\t\t\t<\/div>\n\t\t\t\t<\/div>\n\t\t\t\t<\/div>\n\t\t<div class=\"elementor-element elementor-element-f3266bc e-con-full e-flex e-con e-child\" data-id=\"f3266bc\" data-element_type=\"container\">\n\t\t\t\t<div class=\"elementor-element elementor-element-52ce30af elementor-invisible elementor-widget elementor-widget-image\" data-id=\"52ce30af\" data-element_type=\"widget\" data-settings=\"{&quot;_animation&quot;:&quot;fadeInLeft&quot;}\" data-widget_type=\"image.default\">\n\t\t\t\t<div class=\"elementor-widget-container\">\n\t\t\t<style>\/*! elementor - v3.23.0 - 05-08-2024 *\/\n.elementor-widget-image{text-align:center}.elementor-widget-image a{display:inline-block}.elementor-widget-image a img[src$=\".svg\"]{width:48px}.elementor-widget-image img{vertical-align:middle;display:inline-block}<\/style>\t\t\t\t\t\t\t\t\t\t<img fetchpriority=\"high\" decoding=\"async\" width=\"941\" height=\"562\" src=\"https:\/\/lpesaigon.com.vn\/wp-content\/uploads\/2024\/10\/Retail-photos-change.png\" class=\"attachment-full size-full wp-image-2563\" alt=\"\" srcset=\"https:\/\/lpesaigon.com.vn\/wp-content\/uploads\/2024\/10\/Retail-photos-change.png 941w, https:\/\/lpesaigon.com.vn\/wp-content\/uploads\/2024\/10\/Retail-photos-change-300x179.png 300w, https:\/\/lpesaigon.com.vn\/wp-content\/uploads\/2024\/10\/Retail-photos-change-768x459.png 768w, https:\/\/lpesaigon.com.vn\/wp-content\/uploads\/2024\/10\/Retail-photos-change-600x358.png 600w\" sizes=\"(max-width: 941px) 100vw, 941px\" \/>\t\t\t\t\t\t\t\t\t\t\t\t\t<\/div>\n\t\t\t\t<\/div>\n\t\t\t\t<\/div>\n\t\t\t\t\t<\/div>\n\t\t\t\t<\/div>\n\t\t<div class=\"elementor-element elementor-element-1978e235 e-flex e-con-boxed e-con e-parent\" data-id=\"1978e235\" data-element_type=\"container\" data-settings=\"{&quot;background_background&quot;:&quot;classic&quot;}\">\n\t\t\t\t\t<div class=\"e-con-inner\">\n\t\t<div class=\"elementor-element elementor-element-518f92d3 e-con-full e-flex e-con e-child\" data-id=\"518f92d3\" data-element_type=\"container\">\n\t\t\t\t<div class=\"elementor-element elementor-element-745d1799 elementor-widget elementor-widget-heading\" data-id=\"745d1799\" data-element_type=\"widget\" data-widget_type=\"heading.default\">\n\t\t\t\t<div class=\"elementor-widget-container\">\n\t\t\t<h2 class=\"elementor-heading-title elementor-size-default\">\"Ng\u00e0nh d\u1ecbch v\u1ee5\"<\/h2>\t\t<\/div>\n\t\t\t\t<\/div>\n\t\t\t\t<div class=\"elementor-element elementor-element-699503e6 elementor-invisible elementor-widget elementor-widget-text-editor\" data-id=\"699503e6\" data-element_type=\"widget\" data-settings=\"{&quot;_animation&quot;:&quot;fadeInLeft&quot;}\" data-widget_type=\"text-editor.default\">\n\t\t\t\t<div class=\"elementor-widget-container\">\n\t\t\t\t\t\t\t<p>D\u00e0nh cho kh\u00e1ch h\u00e0ng trong ng\u00e0nh d\u1ecbch v\u1ee5 th\u1ef1c ph\u1ea9m, ch\u00fang t\u00f4i c\u00f3 th\u1ec3 mang \u0111\u1ebfn m\u1ed9t tr\u1ea3i nghi\u1ec7m \u0111\u1ed9c \u0111\u00e1o b\u1eb1ng c\u00e1ch cung c\u1ea5p d\u1ecbch v\u1ee5 d\u00e1n nh\u00e3n ri\u00eang cho t\u1ea5t c\u1ea3 c\u00e1c s\u1ea3n ph\u1ea9m c\u1ee7a ch\u00fang t\u00f4i, bao g\u1ed3m m\u1ee9t, m\u1eadt ong v\u00e0 h\u1ed9p qu\u00e0 v\u1edbi nh\u00e3n hi\u1ec7u t\u00f9y ch\u1ec9nh.<\/p><p>Ch\u00fang t\u00f4i c\u0169ng cung c\u1ea5p c\u00e1c b\u1ed9 s\u01b0u t\u1eadp k\u1ec7 g\u1ed7 - \u0111\u01b0\u1ee3c ch\u1ebf t\u00e1c b\u1edfi nh\u1eefng th\u1ee3 m\u1ed9c t\u00e0i ba ng\u01b0\u1eddi Vi\u1ec7t, c\u00f3 th\u1ec3 in logo c\u1ee7a b\u1ea1n.<\/p><p>T\u1ea5t c\u1ea3 c\u00e1c s\u1ea3n ph\u1ea9m \u0111\u1ec1u c\u00f3 s\u1eb5n v\u1edbi k\u00edch c\u1ee1 l\u1edbn, bao g\u1ed3m m\u1ee9t, chutney, m\u1eadt ong v\u00e0 b\u01a1 \u0111\u1eadu ph\u1ed9ng ch\u1ee9a trong c\u00e1c h\u0169 1 kg v\u00e0 x\u00f4 5 kg, c\u00f9ng v\u1edbi tr\u00e1i c\u00e2y s\u1ea5y \u0111\u01b0\u1ee3c \u0111\u00f3ng g\u00f3i trong c\u00e1c t\u00fai 1 kg v\u00e0 5 kg.<\/p>\t\t\t\t\t\t<\/div>\n\t\t\t\t<\/div>\n\t\t\t\t<\/div>\n\t\t<div class=\"elementor-element elementor-element-7f0b7781 e-con-full e-flex e-con e-child\" data-id=\"7f0b7781\" data-element_type=\"container\">\n\t\t\t\t<div class=\"elementor-element elementor-element-111775f elementor-invisible elementor-widget elementor-widget-image\" data-id=\"111775f\" data-element_type=\"widget\" data-settings=\"{&quot;_animation&quot;:&quot;fadeInRight&quot;}\" data-widget_type=\"image.default\">\n\t\t\t\t<div class=\"elementor-widget-container\">\n\t\t\t\t\t\t\t\t\t\t\t\t\t<img decoding=\"async\" width=\"812\" height=\"615\" src=\"https:\/\/lpesaigon.com.vn\/wp-content\/uploads\/2024\/09\/Food-service-hinh-2.jpg\" class=\"attachment-large size-large wp-image-1977\" alt=\"\" srcset=\"https:\/\/lpesaigon.com.vn\/wp-content\/uploads\/2024\/09\/Food-service-hinh-2.jpg 812w, https:\/\/lpesaigon.com.vn\/wp-content\/uploads\/2024\/09\/Food-service-hinh-2-300x227.jpg 300w, https:\/\/lpesaigon.com.vn\/wp-content\/uploads\/2024\/09\/Food-service-hinh-2-768x582.jpg 768w, https:\/\/lpesaigon.com.vn\/wp-content\/uploads\/2024\/09\/Food-service-hinh-2-600x454.jpg 600w\" sizes=\"(max-width: 812px) 100vw, 812px\" \/>\t\t\t\t\t\t\t\t\t\t\t\t\t<\/div>\n\t\t\t\t<\/div>\n\t\t\t\t<\/div>\n\t\t\t\t\t<\/div>\n\t\t\t\t<\/div>\n\t\t<div class=\"elementor-element elementor-element-cf8dcc4 e-flex e-con-boxed e-con e-parent\" data-id=\"cf8dcc4\" data-element_type=\"container\" data-settings=\"{&quot;background_background&quot;:&quot;classic&quot;}\">\n\t\t\t\t\t<div class=\"e-con-inner\">\n\t\t<div class=\"elementor-element elementor-element-638d1239 e-con-full e-flex e-con e-child\" data-id=\"638d1239\" data-element_type=\"container\">\n\t\t\t\t<div class=\"elementor-element elementor-element-476cce8d elementor-widget elementor-widget-heading\" data-id=\"476cce8d\" data-element_type=\"widget\" data-settings=\"{&quot;_animation&quot;:&quot;none&quot;}\" data-widget_type=\"heading.default\">\n\t\t\t\t<div class=\"elementor-widget-container\">\n\t\t\t<h2 class=\"elementor-heading-title elementor-size-default\">\"S\u1ea3n ph\u1ea9m theo y\u00eau c\u1ea7u\"<\/h2>\t\t<\/div>\n\t\t\t\t<\/div>\n\t\t\t\t<div class=\"elementor-element elementor-element-32a4576a elementor-invisible elementor-widget elementor-widget-text-editor\" data-id=\"32a4576a\" data-element_type=\"widget\" data-settings=\"{&quot;_animation&quot;:&quot;fadeInRight&quot;}\" data-widget_type=\"text-editor.default\">\n\t\t\t\t<div class=\"elementor-widget-container\">\n\t\t\t\t\t\t\t<p>La Petite \u00c9picerie Saigon n\u1ed5i ti\u1ebfng v\u1edbi c\u00e1c s\u1ea3n ph\u1ea9m nh\u00e3n hi\u1ec7u ri\u00eang cung c\u1ea5p cho c\u00e1c kh\u00e1ch s\u1ea1n v\u00e0 khu ngh\u1ec9 d\u01b0\u1ee1ng cao c\u1ea5p tr\u00ean kh\u1eafp \u0110\u00f4ng D\u01b0\u01a1ng.<\/p><p>Ch\u00fang t\u00f4i c\u00f3 th\u1ec3 t\u1ea1o ra nh\u1eefng m\u00f3n qu\u00e0, qu\u00e0 t\u1eb7ng \u0111\u1eb7c bi\u1ec7t cho c\u00e1c s\u1ef1 ki\u1ec7n quan tr\u1ecdng, nh\u01b0 \u0111\u00e1m c\u01b0\u1edbi, sinh nh\u1eadt, ho\u1eb7c trong c\u00e1c gi\u1ecf qu\u00e0 th\u1ef1c ph\u1ea9m.<\/p><p>Ch\u00fang t\u00f4i c\u00f3 th\u1ec3 cung c\u1ea5p h\u1ed9p qu\u00e0 v\u1edbi 2, 3 ho\u1eb7c 4 h\u0169 30g, mang nh\u00e3n hi\u1ec7u ri\u00eang c\u1ee7a b\u1ea1n, l\u00e0 m\u00f3n qu\u00e0 ho\u00e0n h\u1ea3o, d\u00f9 l\u00e0 qu\u00e0 t\u1eb7ng doanh nghi\u1ec7p hay qu\u00e0 \u0111\u1ec3 k\u1ef7 ni\u1ec7m m\u1ed9t d\u1ecbp \u0111\u1eb7c bi\u1ec7t.<\/p>\t\t\t\t\t\t<\/div>\n\t\t\t\t<\/div>\n\t\t\t\t<\/div>\n\t\t<div class=\"elementor-element elementor-element-7d4734c1 e-con-full e-flex e-con e-child\" data-id=\"7d4734c1\" data-element_type=\"container\">\n\t\t\t\t<div class=\"elementor-element elementor-element-107a8d0f elementor-invisible elementor-widget elementor-widget-image\" data-id=\"107a8d0f\" data-element_type=\"widget\" data-settings=\"{&quot;_animation&quot;:&quot;fadeInLeft&quot;}\" data-widget_type=\"image.default\">\n\t\t\t\t<div class=\"elementor-widget-container\">\n\t\t\t\t\t\t\t\t\t\t\t\t\t<img decoding=\"async\" width=\"650\" height=\"482\" src=\"https:\/\/lpesaigon.com.vn\/wp-content\/uploads\/2024\/09\/Bespoke-Products.png\" class=\"attachment-large size-large wp-image-1985\" alt=\"\" srcset=\"https:\/\/lpesaigon.com.vn\/wp-content\/uploads\/2024\/09\/Bespoke-Products.png 650w, https:\/\/lpesaigon.com.vn\/wp-content\/uploads\/2024\/09\/Bespoke-Products-300x222.png 300w, https:\/\/lpesaigon.com.vn\/wp-content\/uploads\/2024\/09\/Bespoke-Products-600x445.png 600w\" sizes=\"(max-width: 650px) 100vw, 650px\" \/>\t\t\t\t\t\t\t\t\t\t\t\t\t<\/div>\n\t\t\t\t<\/div>\n\t\t\t\t<\/div>\n\t\t\t\t\t<\/div>\n\t\t\t\t<\/div>\n\t\t<div class=\"elementor-element elementor-element-5ef513c9 e-flex e-con-boxed e-con e-parent\" data-id=\"5ef513c9\" data-element_type=\"container\" data-settings=\"{&quot;background_background&quot;:&quot;classic&quot;}\">\n\t\t\t\t\t<div class=\"e-con-inner\">\n\t\t<div class=\"elementor-element elementor-element-1c27a65c e-con-full e-flex e-con e-child\" data-id=\"1c27a65c\" data-element_type=\"container\">\n\t\t\t\t<div class=\"elementor-element elementor-element-6a6e62f2 elementor-widget elementor-widget-heading\" data-id=\"6a6e62f2\" data-element_type=\"widget\" data-widget_type=\"heading.default\">\n\t\t\t\t<div class=\"elementor-widget-container\">\n\t\t\t<h2 class=\"elementor-heading-title elementor-size-default\">\"D\u00e0nh cho s\u1ea3n xu\u1ea5t OEM\"<\/h2>\t\t<\/div>\n\t\t\t\t<\/div>\n\t\t\t\t<div class=\"elementor-element elementor-element-743c83e8 elementor-invisible elementor-widget elementor-widget-text-editor\" data-id=\"743c83e8\" data-element_type=\"widget\" data-settings=\"{&quot;_animation&quot;:&quot;fadeInLeft&quot;}\" data-widget_type=\"text-editor.default\">\n\t\t\t\t<div class=\"elementor-widget-container\">\n\t\t\t\t\t\t\t<p>La Petite \u00c9picerie Saigon cung c\u1ea5p h\u1ed7 tr\u1ee3 trong vi\u1ec7c s\u1ea3n xu\u1ea5t c\u00e1c s\u1ea3n ph\u1ea9m th\u1ee7 c\u00f4ng ch\u1ea5t l\u01b0\u1ee3ng cao v\u1edbi c\u00f4ng th\u1ee9c c\u1ee7a ri\u00eang b\u1ea1n, bao g\u1ed3m m\u1ee9t, chutney, th\u1ea1ch, siro, b\u1ed9t gia v\u1ecb v\u00e0 s\u1ed1t.<\/p><p>Ch\u00fang t\u00f4i c\u0169ng h\u1ed7 tr\u1ee3 c\u00e1c b\u01b0\u1edbc s\u1ea3n xu\u1ea5t ri\u00eang l\u1ebb nh\u01b0 chu\u1ea9n b\u1ecb nguy\u00ean li\u1ec7u t\u01b0\u01a1i v\u00e0 cung c\u1ea5p h\u01b0\u1edbng d\u1eabn v\u1ec1 ch\u1ee9ng nh\u1eadn, th\u00f4ng tin s\u1ea3n ph\u1ea9m.<\/p>\t\t\t\t\t\t<\/div>\n\t\t\t\t<\/div>\n\t\t\t\t<\/div>\n\t\t<div class=\"elementor-element elementor-element-4af61cc0 e-con-full e-flex e-con e-child\" data-id=\"4af61cc0\" data-element_type=\"container\">\n\t\t\t\t<div class=\"elementor-element elementor-element-6905222b elementor-invisible elementor-widget elementor-widget-image\" data-id=\"6905222b\" data-element_type=\"widget\" data-settings=\"{&quot;_animation&quot;:&quot;fadeInRight&quot;}\" data-widget_type=\"image.default\">\n\t\t\t\t<div class=\"elementor-widget-container\">\n\t\t\t\t\t\t\t\t\t\t\t\t\t<img loading=\"lazy\" decoding=\"async\" width=\"1999\" height=\"1999\" src=\"https:\/\/lpesaigon.com.vn\/wp-content\/uploads\/2024\/10\/Blank-2-Grids-Collage-40.png\" class=\"attachment-full size-full wp-image-2554\" alt=\"\" srcset=\"https:\/\/lpesaigon.com.vn\/wp-content\/uploads\/2024\/10\/Blank-2-Grids-Collage-40.png 1999w, https:\/\/lpesaigon.com.vn\/wp-content\/uploads\/2024\/10\/Blank-2-Grids-Collage-40-300x300.png 300w, https:\/\/lpesaigon.com.vn\/wp-content\/uploads\/2024\/10\/Blank-2-Grids-Collage-40-1024x1024.png 1024w, https:\/\/lpesaigon.com.vn\/wp-content\/uploads\/2024\/10\/Blank-2-Grids-Collage-40-150x150.png 150w, https:\/\/lpesaigon.com.vn\/wp-content\/uploads\/2024\/10\/Blank-2-Grids-Collage-40-768x768.png 768w, https:\/\/lpesaigon.com.vn\/wp-content\/uploads\/2024\/10\/Blank-2-Grids-Collage-40-1536x1536.png 1536w, https:\/\/lpesaigon.com.vn\/wp-content\/uploads\/2024\/10\/Blank-2-Grids-Collage-40-600x600.png 600w, https:\/\/lpesaigon.com.vn\/wp-content\/uploads\/2024\/10\/Blank-2-Grids-Collage-40-100x100.png 100w\" sizes=\"(max-width: 1999px) 100vw, 1999px\" \/>\t\t\t\t\t\t\t\t\t\t\t\t\t<\/div>\n\t\t\t\t<\/div>\n\t\t\t\t<\/div>\n\t\t\t\t\t<\/div>\n\t\t\t\t<\/div>\n\t\t<div class=\"elementor-element elementor-element-b6ef62b e-flex e-con-boxed e-con e-parent\" data-id=\"b6ef62b\" data-element_type=\"container\">\n\t\t\t\t\t<div class=\"e-con-inner\">\n\t\t\t\t\t<\/div>\n\t\t\t\t<\/div>\n\t\t\t\t<\/div>","protected":false},"excerpt":{"rendered":"<p>&#8220;For Retail&#8221; We offer an extensive selection of fruit jams, single origin honey and peanut butter spreads, all available in [&hellip;]<\/p>","protected":false},"author":1,"featured_media":0,"parent":0,"menu_order":0,"comment_status":"closed","ping_status":"closed","template":"","meta":{"site-sidebar-layout":"no-sidebar","site-content-layout":"","ast-site-content-layout":"full-width-container","site-content-style":"default","site-sidebar-style":"default","ast-global-header-display":"","ast-banner-title-visibility":"","ast-main-header-display":"","ast-hfb-above-header-display":"","ast-hfb-below-header-display":"","ast-hfb-mobile-header-display":"","site-post-title":"disabled","ast-breadcrumbs-content":"","ast-featured-img":"disabled","footer-sml-layout":"","theme-transparent-header-meta":"","adv-header-id-meta":"","stick-header-meta":"","header-above-stick-meta":"","header-main-stick-meta":"","header-below-stick-meta":"","astra-migrate-meta-layouts":"default","ast-page-background-enabled":"default","ast-page-background-meta":{"desktop":{"background-color":"var(--ast-global-color-4)","background-image":"","background-repeat":"repeat","background-position":"center center","background-size":"auto","background-attachment":"scroll","background-type":"","background-media":"","overlay-type":"","overlay-color":"","overlay-opacity":"","overlay-gradient":""},"tablet":{"background-color":"","background-image":"","background-repeat":"repeat","background-position":"center center","background-size":"auto","background-attachment":"scroll","background-type":"","background-media":"","overlay-type":"","overlay-color":"","overlay-opacity":"","overlay-gradient":""},"mobile":{"background-color":"","background-image":"","background-repeat":"repeat","background-position":"center center","background-size":"auto","background-attachment":"scroll","background-type":"","background-media":"","overlay-type":"","overlay-color":"","overlay-opacity":"","overlay-gradient":""}},"ast-content-background-meta":{"desktop":{"background-color":"var(--ast-global-color-5)","background-image":"","background-repeat":"repeat","background-position":"center center","background-size":"auto","background-attachment":"scroll","background-type":"","background-media":"","overlay-type":"","overlay-color":"","overlay-opacity":"","overlay-gradient":""},"tablet":{"background-color":"var(--ast-global-color-5)","background-image":"","background-repeat":"repeat","background-position":"center center","background-size":"auto","background-attachment":"scroll","background-type":"","background-media":"","overlay-type":"","overlay-color":"","overlay-opacity":"","overlay-gradient":""},"mobile":{"background-color":"var(--ast-global-color-5)","background-image":"","background-repeat":"repeat","background-position":"center center","background-size":"auto","background-attachment":"scroll","background-type":"","background-media":"","overlay-type":"","overlay-color":"","overlay-opacity":"","overlay-gradient":""}},"footnotes":""},"class_list":["post-1955","page","type-page","status-publish","hentry"],"_links":{"self":[{"href":"https:\/\/lpesaigon.com.vn\/vi\/wp-json\/wp\/v2\/pages\/1955","targetHints":{"allow":["GET"]}}],"collection":[{"href":"https:\/\/lpesaigon.com.vn\/vi\/wp-json\/wp\/v2\/pages"}],"about":[{"href":"https:\/\/lpesaigon.com.vn\/vi\/wp-json\/wp\/v2\/types\/page"}],"author":[{"embeddable":true,"href":"https:\/\/lpesaigon.com.vn\/vi\/wp-json\/wp\/v2\/users\/1"}],"replies":[{"embeddable":true,"href":"https:\/\/lpesaigon.com.vn\/vi\/wp-json\/wp\/v2\/comments?post=1955"}],"version-history":[{"count":119,"href":"https:\/\/lpesaigon.com.vn\/vi\/wp-json\/wp\/v2\/pages\/1955\/revisions"}],"predecessor-version":[{"id":2857,"href":"https:\/\/lpesaigon.com.vn\/vi\/wp-json\/wp\/v2\/pages\/1955\/revisions\/2857"}],"wp:attachment":[{"href":"https:\/\/lpesaigon.com.vn\/vi\/wp-json\/wp\/v2\/media?parent=1955"}],"curies":[{"name":"wp","href":"https:\/\/api.w.org\/{rel}","templated":true}]}}