{"id":1892,"date":"2024-09-29T10:36:20","date_gmt":"2024-09-29T03:36:20","guid":{"rendered":"https:\/\/lpesaigon.com.vn\/?page_id=1892"},"modified":"2025-02-27T16:10:42","modified_gmt":"2025-02-27T09:10:42","slug":"export-2-3","status":"publish","type":"page","link":"https:\/\/lpesaigon.com.vn\/vi\/export-2-3\/","title":{"rendered":"XU\u1ea4T KH\u1ea8U"},"content":{"rendered":"<div data-elementor-type=\"wp-page\" data-elementor-id=\"1892\" class=\"elementor elementor-1892\">\n\t\t\t\t<div class=\"elementor-element elementor-element-246bbf72 e-flex e-con-boxed e-con e-parent\" data-id=\"246bbf72\" data-element_type=\"container\" data-settings=\"{&quot;background_background&quot;:&quot;classic&quot;}\">\n\t\t\t\t\t<div class=\"e-con-inner\">\n\t\t<div class=\"elementor-element elementor-element-30284e47 e-con-full e-flex e-con e-child\" data-id=\"30284e47\" data-element_type=\"container\">\n\t\t\t\t<div class=\"elementor-element elementor-element-d1b536b elementor-widget elementor-widget-heading\" data-id=\"d1b536b\" data-element_type=\"widget\" data-widget_type=\"heading.default\">\n\t\t\t\t<div class=\"elementor-widget-container\">\n\t\t\t<style>\/*! elementor - v3.23.0 - 05-08-2024 *\/\n.elementor-heading-title{padding:0;margin:0;line-height:1}.elementor-widget-heading .elementor-heading-title[class*=elementor-size-]>a{color:inherit;font-size:inherit;line-height:inherit}.elementor-widget-heading .elementor-heading-title.elementor-size-small{font-size:15px}.elementor-widget-heading .elementor-heading-title.elementor-size-medium{font-size:19px}.elementor-widget-heading .elementor-heading-title.elementor-size-large{font-size:29px}.elementor-widget-heading .elementor-heading-title.elementor-size-xl{font-size:39px}.elementor-widget-heading .elementor-heading-title.elementor-size-xxl{font-size:59px}<\/style><h2 class=\"elementor-heading-title elementor-size-default\">\"B\u1ea1n c\u00f3 mu\u1ed1n tr\u1edf th\u00e0nh nh\u00e0 ph\u00e2n ph\u1ed1i?\"<\/h2>\t\t<\/div>\n\t\t\t\t<\/div>\n\t\t\t\t<div class=\"elementor-element elementor-element-56d5d33f elementor-invisible elementor-widget elementor-widget-text-editor\" data-id=\"56d5d33f\" data-element_type=\"widget\" data-settings=\"{&quot;_animation&quot;:&quot;fadeInLeft&quot;}\" data-widget_type=\"text-editor.default\">\n\t\t\t\t<div class=\"elementor-widget-container\">\n\t\t\t<style>\/*! elementor - v3.23.0 - 05-08-2024 *\/\n.elementor-widget-text-editor.elementor-drop-cap-view-stacked .elementor-drop-cap{background-color:#69727d;color:#fff}.elementor-widget-text-editor.elementor-drop-cap-view-framed .elementor-drop-cap{color:#69727d;border:3px solid;background-color:transparent}.elementor-widget-text-editor:not(.elementor-drop-cap-view-default) .elementor-drop-cap{margin-top:8px}.elementor-widget-text-editor:not(.elementor-drop-cap-view-default) .elementor-drop-cap-letter{width:1em;height:1em}.elementor-widget-text-editor .elementor-drop-cap{float:left;text-align:center;line-height:1;font-size:50px}.elementor-widget-text-editor .elementor-drop-cap-letter{display:inline-block}<\/style>\t\t\t\t<p>Ch\u00fang t\u00f4i lu\u00f4n mu\u1ed1n k\u1ebft n\u1ed1i v\u1edbi c\u00e1c c\u00f4ng ty c\u00f3 nhu c\u1ea7u tr\u1edf th\u00e0nh nh\u00e0 ph\u00e2n ph\u1ed1i s\u1ea3n ph\u1ea9m c\u1ee7a ch\u00fang t\u00f4i v\u00e0 c\u00f3 kh\u1ea3 n\u0103ng gi\u00fap m\u1edf r\u1ed9ng ph\u1ea1m vi ti\u1ebfp c\u1eadn c\u0169ng nh\u01b0 doanh s\u1ed1 b\u00e1n h\u00e0ng, c\u1ea3 trong n\u01b0\u1edbc v\u00e0 to\u00e0n c\u1ea7u.<\/p><p>C\u00e1c nh\u00e0 ph\u00e2n ph\u1ed1i \u0111\u1ee7 ti\u00eau chu\u1ea9n, nhi\u1ec7t huy\u1ebft v\u00e0 \u0111am m\u00ea v\u1edbi s\u1ea3n ph\u1ea9m c\u1ee7a ch\u00fang t\u00f4i v\u00e0 mong mu\u1ed1n \u0111\u1ea1i di\u1ec7n cho La Petite \u00c9picerie Saigon l\u00e0 m\u1ed9t ph\u1ea7n kh\u00f4ng th\u1ec3 thi\u1ebfu trong s\u1ef1 th\u00e0nh c\u00f4ng c\u1ee7a La Petite \u00c9picerie Saigon.<\/p>\t\t\t\t\t\t<\/div>\n\t\t\t\t<\/div>\n\t\t\t\t<\/div>\n\t\t<div class=\"elementor-element elementor-element-255585bf e-con-full e-flex e-con e-child\" data-id=\"255585bf\" data-element_type=\"container\">\n\t\t\t\t<div class=\"elementor-element elementor-element-26d76795 elementor-invisible elementor-widget elementor-widget-image\" data-id=\"26d76795\" data-element_type=\"widget\" data-settings=\"{&quot;_animation&quot;:&quot;fadeInRight&quot;}\" data-widget_type=\"image.default\">\n\t\t\t\t<div class=\"elementor-widget-container\">\n\t\t\t<style>\/*! elementor - v3.23.0 - 05-08-2024 *\/\n.elementor-widget-image{text-align:center}.elementor-widget-image a{display:inline-block}.elementor-widget-image a img[src$=\".svg\"]{width:48px}.elementor-widget-image img{vertical-align:middle;display:inline-block}<\/style>\t\t\t\t\t\t\t\t\t\t<img fetchpriority=\"high\" decoding=\"async\" width=\"828\" height=\"903\" src=\"https:\/\/lpesaigon.com.vn\/wp-content\/uploads\/2024\/10\/export-22.jpg\" class=\"attachment-large size-large wp-image-2660\" alt=\"\" srcset=\"https:\/\/lpesaigon.com.vn\/wp-content\/uploads\/2024\/10\/export-22.jpg 828w, https:\/\/lpesaigon.com.vn\/wp-content\/uploads\/2024\/10\/export-22-275x300.jpg 275w, https:\/\/lpesaigon.com.vn\/wp-content\/uploads\/2024\/10\/export-22-768x838.jpg 768w, https:\/\/lpesaigon.com.vn\/wp-content\/uploads\/2024\/10\/export-22-600x654.jpg 600w\" sizes=\"(max-width: 828px) 100vw, 828px\" \/>\t\t\t\t\t\t\t\t\t\t\t\t\t<\/div>\n\t\t\t\t<\/div>\n\t\t\t\t<\/div>\n\t\t\t\t\t<\/div>\n\t\t\t\t<\/div>\n\t\t<div class=\"elementor-element elementor-element-786b8df e-flex e-con-boxed e-con e-parent\" data-id=\"786b8df\" data-element_type=\"container\">\n\t\t\t\t\t<div class=\"e-con-inner\">\n\t\t\t\t\t<\/div>\n\t\t\t\t<\/div>\n\t\t<div class=\"elementor-element elementor-element-1df20cb9 e-flex e-con-boxed e-con e-parent\" data-id=\"1df20cb9\" data-element_type=\"container\" data-settings=\"{&quot;background_background&quot;:&quot;classic&quot;}\">\n\t\t\t\t\t<div class=\"e-con-inner\">\n\t\t<div class=\"elementor-element elementor-element-13b010c e-con-full e-flex e-con e-child\" data-id=\"13b010c\" data-element_type=\"container\">\n\t\t\t\t<div class=\"elementor-element elementor-element-358c51b0 elementor-widget elementor-widget-heading\" data-id=\"358c51b0\" data-element_type=\"widget\" data-widget_type=\"heading.default\">\n\t\t\t\t<div class=\"elementor-widget-container\">\n\t\t\t<h2 class=\"elementor-heading-title elementor-size-default\">\"Ch\u00fang t\u00f4i \u0111ang t\u00ecm ki\u1ebfm nh\u00e0 ph\u00e2n ph\u1ed1i t\u1ea1i:\"<\/h2>\t\t<\/div>\n\t\t\t\t<\/div>\n\t\t\t\t<div class=\"elementor-element elementor-element-333085b elementor-invisible elementor-widget elementor-widget-text-editor\" data-id=\"333085b\" data-element_type=\"widget\" data-settings=\"{&quot;_animation&quot;:&quot;fadeInRight&quot;}\" data-widget_type=\"text-editor.default\">\n\t\t\t\t<div class=\"elementor-widget-container\">\n\t\t\t\t\t\t\t<ul><li>Hong Kong<\/li><li>\u00dac<\/li><li>New Zealand<\/li><li>The United Arab Emirates<\/li><li>Ph\u00e1p<\/li><li>\u0110\u1ee9c<\/li><li>Th\u1ee5y S\u0129<\/li><\/ul><p>N\u1ebfu b\u1ea1n quan t\u00e2m, h\u00e3y li\u00ean h\u1ec7 v\u1edbi ch\u00fang t\u00f4i \u0111\u1ec3 bi\u1ebft th\u00eam th\u00f4ng tin.<\/p>\t\t\t\t\t\t<\/div>\n\t\t\t\t<\/div>\n\t\t\t\t<\/div>\n\t\t<div class=\"elementor-element elementor-element-6b74073f e-con-full e-flex e-con e-child\" data-id=\"6b74073f\" data-element_type=\"container\">\n\t\t\t\t<div class=\"elementor-element elementor-element-5f22a29e elementor-invisible elementor-widget elementor-widget-image\" data-id=\"5f22a29e\" data-element_type=\"widget\" data-settings=\"{&quot;_animation&quot;:&quot;fadeInLeft&quot;}\" data-widget_type=\"image.default\">\n\t\t\t\t<div class=\"elementor-widget-container\">\n\t\t\t\t\t\t\t\t\t\t\t\t\t<img decoding=\"async\" width=\"828\" height=\"818\" src=\"https:\/\/lpesaigon.com.vn\/wp-content\/uploads\/2024\/10\/export-1.jpg\" class=\"attachment-large size-large wp-image-2659\" alt=\"\" srcset=\"https:\/\/lpesaigon.com.vn\/wp-content\/uploads\/2024\/10\/export-1.jpg 828w, https:\/\/lpesaigon.com.vn\/wp-content\/uploads\/2024\/10\/export-1-300x296.jpg 300w, https:\/\/lpesaigon.com.vn\/wp-content\/uploads\/2024\/10\/export-1-768x759.jpg 768w, https:\/\/lpesaigon.com.vn\/wp-content\/uploads\/2024\/10\/export-1-600x593.jpg 600w, https:\/\/lpesaigon.com.vn\/wp-content\/uploads\/2024\/10\/export-1-100x100.jpg 100w\" sizes=\"(max-width: 828px) 100vw, 828px\" \/>\t\t\t\t\t\t\t\t\t\t\t\t\t<\/div>\n\t\t\t\t<\/div>\n\t\t\t\t<\/div>\n\t\t\t\t\t<\/div>\n\t\t\t\t<\/div>\n\t\t<div class=\"elementor-element elementor-element-76b22e7 e-flex e-con-boxed e-con e-parent\" data-id=\"76b22e7\" data-element_type=\"container\">\n\t\t\t\t\t<div class=\"e-con-inner\">\n\t\t\t\t\t<\/div>\n\t\t\t\t<\/div>\n\t\t\t\t<\/div>","protected":false},"excerpt":{"rendered":"<p>&#8220;Would you like to be a distributor?&#8221; We always want to get in touch with companies that would like to [&hellip;]<\/p>","protected":false},"author":1,"featured_media":0,"parent":0,"menu_order":0,"comment_status":"closed","ping_status":"closed","template":"","meta":{"site-sidebar-layout":"no-sidebar","site-content-layout":"","ast-site-content-layout":"full-width-container","site-content-style":"default","site-sidebar-style":"default","ast-global-header-display":"","ast-banner-title-visibility":"","ast-main-header-display":"","ast-hfb-above-header-display":"","ast-hfb-below-header-display":"","ast-hfb-mobile-header-display":"","site-post-title":"disabled","ast-breadcrumbs-content":"","ast-featured-img":"disabled","footer-sml-layout":"","theme-transparent-header-meta":"","adv-header-id-meta":"","stick-header-meta":"","header-above-stick-meta":"","header-main-stick-meta":"","header-below-stick-meta":"","astra-migrate-meta-layouts":"default","ast-page-background-enabled":"default","ast-page-background-meta":{"desktop":{"background-color":"var(--ast-global-color-4)","background-image":"","background-repeat":"repeat","background-position":"center center","background-size":"auto","background-attachment":"scroll","background-type":"","background-media":"","overlay-type":"","overlay-color":"","overlay-opacity":"","overlay-gradient":""},"tablet":{"background-color":"","background-image":"","background-repeat":"repeat","background-position":"center center","background-size":"auto","background-attachment":"scroll","background-type":"","background-media":"","overlay-type":"","overlay-color":"","overlay-opacity":"","overlay-gradient":""},"mobile":{"background-color":"","background-image":"","background-repeat":"repeat","background-position":"center center","background-size":"auto","background-attachment":"scroll","background-type":"","background-media":"","overlay-type":"","overlay-color":"","overlay-opacity":"","overlay-gradient":""}},"ast-content-background-meta":{"desktop":{"background-color":"var(--ast-global-color-5)","background-image":"","background-repeat":"repeat","background-position":"center center","background-size":"auto","background-attachment":"scroll","background-type":"","background-media":"","overlay-type":"","overlay-color":"","overlay-opacity":"","overlay-gradient":""},"tablet":{"background-color":"var(--ast-global-color-5)","background-image":"","background-repeat":"repeat","background-position":"center center","background-size":"auto","background-attachment":"scroll","background-type":"","background-media":"","overlay-type":"","overlay-color":"","overlay-opacity":"","overlay-gradient":""},"mobile":{"background-color":"var(--ast-global-color-5)","background-image":"","background-repeat":"repeat","background-position":"center center","background-size":"auto","background-attachment":"scroll","background-type":"","background-media":"","overlay-type":"","overlay-color":"","overlay-opacity":"","overlay-gradient":""}},"footnotes":""},"class_list":["post-1892","page","type-page","status-publish","hentry"],"_links":{"self":[{"href":"https:\/\/lpesaigon.com.vn\/vi\/wp-json\/wp\/v2\/pages\/1892","targetHints":{"allow":["GET"]}}],"collection":[{"href":"https:\/\/lpesaigon.com.vn\/vi\/wp-json\/wp\/v2\/pages"}],"about":[{"href":"https:\/\/lpesaigon.com.vn\/vi\/wp-json\/wp\/v2\/types\/page"}],"author":[{"embeddable":true,"href":"https:\/\/lpesaigon.com.vn\/vi\/wp-json\/wp\/v2\/users\/1"}],"replies":[{"embeddable":true,"href":"https:\/\/lpesaigon.com.vn\/vi\/wp-json\/wp\/v2\/comments?post=1892"}],"version-history":[{"count":86,"href":"https:\/\/lpesaigon.com.vn\/vi\/wp-json\/wp\/v2\/pages\/1892\/revisions"}],"predecessor-version":[{"id":2972,"href":"https:\/\/lpesaigon.com.vn\/vi\/wp-json\/wp\/v2\/pages\/1892\/revisions\/2972"}],"wp:attachment":[{"href":"https:\/\/lpesaigon.com.vn\/vi\/wp-json\/wp\/v2\/media?parent=1892"}],"curies":[{"name":"wp","href":"https:\/\/api.w.org\/{rel}","templated":true}]}}