{"id":1831,"date":"2024-09-29T10:05:38","date_gmt":"2024-09-29T03:05:38","guid":{"rendered":"https:\/\/lpesaigon.com.vn\/?page_id=1831"},"modified":"2024-11-23T10:01:22","modified_gmt":"2024-11-23T03:01:22","slug":"our-responsibilities","status":"publish","type":"page","link":"https:\/\/lpesaigon.com.vn\/vi\/our-responsibilities\/","title":{"rendered":"TR\u00c1CH NHI\u1ec6M"},"content":{"rendered":"<div data-elementor-type=\"wp-page\" data-elementor-id=\"1831\" class=\"elementor elementor-1831\">\n\t\t\t\t<div class=\"elementor-element elementor-element-7775671b e-flex e-con-boxed e-con e-parent\" data-id=\"7775671b\" data-element_type=\"container\" data-settings=\"{&quot;background_background&quot;:&quot;classic&quot;,&quot;animation&quot;:&quot;none&quot;}\">\n\t\t\t\t\t<div class=\"e-con-inner\">\n\t\t<div class=\"elementor-element elementor-element-3b80fa7c e-con-full e-flex e-con e-child\" data-id=\"3b80fa7c\" data-element_type=\"container\">\n\t\t\t\t<div class=\"elementor-element elementor-element-6162e3f8 elementor-widget elementor-widget-heading\" data-id=\"6162e3f8\" data-element_type=\"widget\" data-settings=\"{&quot;_animation&quot;:&quot;none&quot;}\" data-widget_type=\"heading.default\">\n\t\t\t\t<div class=\"elementor-widget-container\">\n\t\t\t<style>\/*! elementor - v3.23.0 - 05-08-2024 *\/\n.elementor-heading-title{padding:0;margin:0;line-height:1}.elementor-widget-heading .elementor-heading-title[class*=elementor-size-]>a{color:inherit;font-size:inherit;line-height:inherit}.elementor-widget-heading .elementor-heading-title.elementor-size-small{font-size:15px}.elementor-widget-heading .elementor-heading-title.elementor-size-medium{font-size:19px}.elementor-widget-heading .elementor-heading-title.elementor-size-large{font-size:29px}.elementor-widget-heading .elementor-heading-title.elementor-size-xl{font-size:39px}.elementor-widget-heading .elementor-heading-title.elementor-size-xxl{font-size:59px}<\/style><h2 class=\"elementor-heading-title elementor-size-default\">\"Ng\u01b0\u1eddi ch\u0103m s\u00f3c cho th\u1ebf h\u1ec7 t\u01b0\u01a1ng lai\"<\/h2>\t\t<\/div>\n\t\t\t\t<\/div>\n\t\t\t\t<div class=\"elementor-element elementor-element-216790bc elementor-invisible elementor-widget elementor-widget-text-editor\" data-id=\"216790bc\" data-element_type=\"widget\" data-settings=\"{&quot;_animation&quot;:&quot;fadeInLeft&quot;}\" data-widget_type=\"text-editor.default\">\n\t\t\t\t<div class=\"elementor-widget-container\">\n\t\t\t<style>\/*! elementor - v3.23.0 - 05-08-2024 *\/\n.elementor-widget-text-editor.elementor-drop-cap-view-stacked .elementor-drop-cap{background-color:#69727d;color:#fff}.elementor-widget-text-editor.elementor-drop-cap-view-framed .elementor-drop-cap{color:#69727d;border:3px solid;background-color:transparent}.elementor-widget-text-editor:not(.elementor-drop-cap-view-default) .elementor-drop-cap{margin-top:8px}.elementor-widget-text-editor:not(.elementor-drop-cap-view-default) .elementor-drop-cap-letter{width:1em;height:1em}.elementor-widget-text-editor .elementor-drop-cap{float:left;text-align:center;line-height:1;font-size:50px}.elementor-widget-text-editor .elementor-drop-cap-letter{display:inline-block}<\/style>\t\t\t\t<p>Hi\u1ec7n nay, ch\u00fang ta c\u1ea7n gi\u1ea3m thi\u1ec3u t\u00e1c \u0111\u1ed9ng l\u00ean m\u00f4i tr\u01b0\u1eddng v\u00e0 lu\u00f4n nh\u1edb r\u1eb1ng ch\u00fang ta l\u00e0 nh\u1eefng ng\u01b0\u1eddi ch\u0103m s\u00f3c cho h\u00e0nh tinh n\u00e0y.<\/p><p>L\u00e0 m\u1ed9t c\u00f4ng ty nh\u1ecf, thu\u1ed9c s\u1edf h\u1eefu gia \u0111\u00ecnh v\u1edbi ngu\u1ed3n l\u1ef1c h\u1ea1n ch\u1ebf, ch\u00fang t\u00f4i \u0111\u00e3 \u00e1p d\u1ee5ng m\u1ed9t ph\u01b0\u01a1ng ph\u00e1p \u0111\u01a1n gi\u1ea3n.<\/p><p>M\u1ed7i th\u1eddi \u0111i\u1ec3m, ch\u00fang t\u00f4i lu\u00f4n ch\u1ecdn l\u1ef1a ph\u01b0\u01a1ng \u00e1n th\u00e2n thi\u1ec7n v\u1edbi m\u00f4i tr\u01b0\u1eddng nh\u1ea5t c\u00f3 th\u1ec3. V\u00ec th\u1ebf, \u0111\u00e2y l\u00e0 m\u1ed9t qu\u00e1 tr\u00ecnh li\u00ean t\u1ee5c v\u00e0 kh\u00f4ng ng\u1eebng c\u1ea3i ti\u1ebfn v\u1edbi m\u1ee5c ti\u00eau ph\u00e1t tri\u1ec3n b\u1ec1n v\u1eefng.\u00a0<\/p>\t\t\t\t\t\t<\/div>\n\t\t\t\t<\/div>\n\t\t\t\t<\/div>\n\t\t<div class=\"elementor-element elementor-element-40679aa8 e-con-full e-flex e-con e-child\" data-id=\"40679aa8\" data-element_type=\"container\">\n\t\t\t\t<div class=\"elementor-element elementor-element-d85d321 elementor-invisible elementor-widget elementor-widget-image\" data-id=\"d85d321\" data-element_type=\"widget\" data-settings=\"{&quot;_animation&quot;:&quot;fadeInRight&quot;}\" data-widget_type=\"image.default\">\n\t\t\t\t<div class=\"elementor-widget-container\">\n\t\t\t<style>\/*! elementor - v3.23.0 - 05-08-2024 *\/\n.elementor-widget-image{text-align:center}.elementor-widget-image a{display:inline-block}.elementor-widget-image a img[src$=\".svg\"]{width:48px}.elementor-widget-image img{vertical-align:middle;display:inline-block}<\/style>\t\t\t\t\t\t\t\t\t\t<img fetchpriority=\"high\" decoding=\"async\" width=\"585\" height=\"629\" src=\"https:\/\/lpesaigon.com.vn\/wp-content\/uploads\/2024\/09\/earth.jpg\" class=\"attachment-full size-full wp-image-1496\" alt=\"\" srcset=\"https:\/\/lpesaigon.com.vn\/wp-content\/uploads\/2024\/09\/earth.jpg 585w, https:\/\/lpesaigon.com.vn\/wp-content\/uploads\/2024\/09\/earth-279x300.jpg 279w\" sizes=\"(max-width: 585px) 100vw, 585px\" \/>\t\t\t\t\t\t\t\t\t\t\t\t\t<\/div>\n\t\t\t\t<\/div>\n\t\t\t\t<\/div>\n\t\t\t\t\t<\/div>\n\t\t\t\t<\/div>\n\t\t<div class=\"elementor-element elementor-element-c5e485e e-flex e-con-boxed e-con e-parent\" data-id=\"c5e485e\" data-element_type=\"container\">\n\t\t\t\t\t<div class=\"e-con-inner\">\n\t\t\t\t\t<\/div>\n\t\t\t\t<\/div>\n\t\t<div class=\"elementor-element elementor-element-220d3c44 e-flex e-con-boxed e-con e-parent\" data-id=\"220d3c44\" data-element_type=\"container\" data-settings=\"{&quot;background_background&quot;:&quot;classic&quot;}\">\n\t\t\t\t\t<div class=\"e-con-inner\">\n\t\t<div class=\"elementor-element elementor-element-50576813 e-con-full e-flex e-con e-child\" data-id=\"50576813\" data-element_type=\"container\">\n\t\t\t\t<div class=\"elementor-element elementor-element-5456a9be elementor-widget elementor-widget-heading\" data-id=\"5456a9be\" data-element_type=\"widget\" data-widget_type=\"heading.default\">\n\t\t\t\t<div class=\"elementor-widget-container\">\n\t\t\t<h2 class=\"elementor-heading-title elementor-size-default\">\"Ch\u00fang t\u00f4i c\u00f3 tr\u00e1ch nhi\u1ec7m\"<\/h2>\t\t<\/div>\n\t\t\t\t<\/div>\n\t\t\t\t<div class=\"elementor-element elementor-element-33904086 elementor-invisible elementor-widget elementor-widget-text-editor\" data-id=\"33904086\" data-element_type=\"widget\" data-settings=\"{&quot;_animation&quot;:&quot;fadeInRight&quot;}\" data-widget_type=\"text-editor.default\">\n\t\t\t\t<div class=\"elementor-widget-container\">\n\t\t\t\t\t\t\t<p>L\u00e0 m\u1ed9t doanh nghi\u1ec7p thu\u1ed9c s\u1edf h\u1eefu gia \u0111\u00ecnh v\u00e0 l\u00e0 m\u1ed9t ph\u1ea7n kh\u00f4ng th\u1ec3 t\u00e1ch r\u1eddi c\u1ee7a x\u00e3 h\u1ed9i, ch\u00fang t\u00f4i c\u00f3 nh\u1eefng tr\u00e1ch nhi\u1ec7m nh\u01b0 ch\u0103m s\u00f3c, ph\u00e1t tri\u1ec3n ph\u00fac l\u1ee3i cho nh\u00e2n vi\u00ean, duy tr\u00ec m\u1ed1i quan h\u1ec7 l\u00e2u d\u00e0i, t\u1ea1o ni\u1ec1m tin v\u1edbi c\u00e1c nh\u00e0 cung c\u1ea5p, c\u00f9ng v\u1edbi ngh\u0129a v\u1ee5 h\u1ed7 tr\u1ee3 c\u1ed9ng \u0111\u1ed3ng.<\/p><p>Ch\u00fang t\u00f4i c\u0169ng c\u00f3 tr\u00e1ch nhi\u1ec7m h\u1ed7 tr\u1ee3 nh\u1eefng ng\u01b0\u1eddi k\u00e9m may m\u1eafn, b\u1ea5t c\u1ee9 khi n\u00e0o c\u00f3 th\u1ec3. \u0110i\u1ec1u n\u00e0y bao g\u1ed3m vi\u1ec7c h\u1ed7 tr\u1ee3 nh\u1eefng ng\u01b0\u1eddi thi\u1ec7t th\u00f2i, nh\u1eadn th\u1ee9c r\u1eb1ng m\u1ed7i khi c\u00f3 th\u1ec3, ch\u00fang t\u00f4i ph\u1ea3i gi\u00fap \u0111\u1ee1 h\u1ecd.<\/p>\t\t\t\t\t\t<\/div>\n\t\t\t\t<\/div>\n\t\t\t\t<\/div>\n\t\t<div class=\"elementor-element elementor-element-6f162817 e-con-full e-flex e-con e-child\" data-id=\"6f162817\" data-element_type=\"container\">\n\t\t\t\t<div class=\"elementor-element elementor-element-6c3309f3 elementor-invisible elementor-widget elementor-widget-image\" data-id=\"6c3309f3\" data-element_type=\"widget\" data-settings=\"{&quot;_animation&quot;:&quot;fadeInLeft&quot;}\" data-widget_type=\"image.default\">\n\t\t\t\t<div class=\"elementor-widget-container\">\n\t\t\t\t\t\t\t\t\t\t\t\t\t<img decoding=\"async\" width=\"1024\" height=\"773\" src=\"https:\/\/lpesaigon.com.vn\/wp-content\/uploads\/2024\/09\/thie-nnguyen-1024x773.png\" class=\"attachment-large size-large wp-image-1510\" alt=\"\" srcset=\"https:\/\/lpesaigon.com.vn\/wp-content\/uploads\/2024\/09\/thie-nnguyen-1024x773.png 1024w, https:\/\/lpesaigon.com.vn\/wp-content\/uploads\/2024\/09\/thie-nnguyen-300x227.png 300w, https:\/\/lpesaigon.com.vn\/wp-content\/uploads\/2024\/09\/thie-nnguyen-768x580.png 768w, https:\/\/lpesaigon.com.vn\/wp-content\/uploads\/2024\/09\/thie-nnguyen-600x453.png 600w, https:\/\/lpesaigon.com.vn\/wp-content\/uploads\/2024\/09\/thie-nnguyen.png 1037w\" sizes=\"(max-width: 1024px) 100vw, 1024px\" \/>\t\t\t\t\t\t\t\t\t\t\t\t\t<\/div>\n\t\t\t\t<\/div>\n\t\t\t\t<\/div>\n\t\t\t\t\t<\/div>\n\t\t\t\t<\/div>\n\t\t<div class=\"elementor-element elementor-element-15a4779 e-flex e-con-boxed e-con e-parent\" data-id=\"15a4779\" data-element_type=\"container\">\n\t\t\t\t\t<div class=\"e-con-inner\">\n\t\t\t\t\t<\/div>\n\t\t\t\t<\/div>\n\t\t<div class=\"elementor-element elementor-element-58e089a e-flex e-con-boxed e-con e-parent\" data-id=\"58e089a\" data-element_type=\"container\" data-settings=\"{&quot;background_background&quot;:&quot;classic&quot;}\">\n\t\t\t\t\t<div class=\"e-con-inner\">\n\t\t<div class=\"elementor-element elementor-element-329d8f36 e-con-full e-flex e-con e-child\" data-id=\"329d8f36\" data-element_type=\"container\">\n\t\t\t\t<div class=\"elementor-element elementor-element-57276f74 elementor-widget elementor-widget-heading\" data-id=\"57276f74\" data-element_type=\"widget\" data-widget_type=\"heading.default\">\n\t\t\t\t<div class=\"elementor-widget-container\">\n\t\t\t<h2 class=\"elementor-heading-title elementor-size-default\">\"\u0110\u1ed9i ng\u0169 La Petite \u00c9picerie Saigon - T\u1eadn t\u00e2m v\u00e0 \u0111am m\u00ea!\"<\/h2>\t\t<\/div>\n\t\t\t\t<\/div>\n\t\t\t\t<div class=\"elementor-element elementor-element-570ae36f elementor-invisible elementor-widget elementor-widget-text-editor\" data-id=\"570ae36f\" data-element_type=\"widget\" data-settings=\"{&quot;_animation&quot;:&quot;fadeInLeft&quot;}\" data-widget_type=\"text-editor.default\">\n\t\t\t\t<div class=\"elementor-widget-container\">\n\t\t\t\t\t\t\t<p>Ch\u00fang t\u00f4i l\u00e0 m\u1ed9t \u0111\u1ed9i ng\u0169 nh\u1ecf g\u1eafn k\u1ebft ch\u1eb7t ch\u1ebd. H\u1ea7u h\u1ebft c\u00e1c nh\u00e2n vi\u00ean \u0111\u00e3 g\u1eafn b\u00f3 v\u1edbi c\u00f4ng ty t\u1eeb khi th\u00e0nh l\u1eadp c\u00e1ch \u0111\u00e2y 10 n\u0103m v\u00e0 t\u1ea5t c\u1ea3 \u0111\u1ec1u \u0111o\u00e0n k\u1ebft b\u1edfi ni\u1ec1m \u0111am m\u00ea t\u1ea1o ra nh\u1eefng s\u1ea3n ph\u1ea9m ch\u1ea5t l\u01b0\u1ee3ng cao, h\u01b0\u01a1ng v\u1ecb tuy\u1ec7t v\u1eddi, nh\u1eefng s\u1ea3n ph\u1ea9m m\u00e0 ch\u00fang t\u00f4i t\u1ef1 h\u00e0o!<\/p><p>Ch\u00fang t\u00f4i lu\u00f4n n\u1ed7 l\u1ef1c duy tr\u00ec s\u1ef1 c\u00e2n b\u1eb1ng gi\u1eefa c\u00f4ng vi\u1ec7c v\u00e0 \u0111\u1eddi s\u1ed1ng cho nh\u00e2n vi\u00ean, hi\u1ec3u r\u1eb1ng s\u1ef1 c\u00e2n b\u1eb1ng n\u00e0y l\u00e0 y\u1ebfu t\u1ed1 thi\u1ebft y\u1ebfu cho s\u1ee9c kh\u1ecfe t\u1ed5ng th\u1ec3 v\u00e0 n\u0103ng su\u1ea5t l\u00e0m vi\u1ec7c.<\/p><p>\u0110\u1ec3 h\u1ed7 tr\u1ee3 \u0111i\u1ec1u n\u00e0y, ch\u00fang t\u00f4i t\u1ed5 ch\u1ee9c c\u00e1c chuy\u1ebfn \u0111i du l\u1ecbch h\u00e0ng n\u0103m, mang \u0111\u1ebfn cho m\u1ecdi ng\u01b0\u1eddi c\u01a1 h\u1ed9i th\u01b0 gi\u00e3n, g\u1eafn k\u1ebft v\u00e0 t\u1eadn h\u01b0\u1edfng nh\u1eefng gi\u00e2y ph\u00fat ngh\u1ec9 ng\u01a1i x\u1ee9ng \u0111\u00e1ng.<\/p>\t\t\t\t\t\t<\/div>\n\t\t\t\t<\/div>\n\t\t\t\t<\/div>\n\t\t<div class=\"elementor-element elementor-element-3cd53737 e-con-full e-flex e-con e-child\" data-id=\"3cd53737\" data-element_type=\"container\">\n\t\t\t\t<div class=\"elementor-element elementor-element-75342fb7 elementor-invisible elementor-widget elementor-widget-image\" data-id=\"75342fb7\" data-element_type=\"widget\" data-settings=\"{&quot;_animation&quot;:&quot;fadeInRight&quot;}\" data-widget_type=\"image.default\">\n\t\t\t\t<div class=\"elementor-widget-container\">\n\t\t\t\t\t\t\t\t\t\t\t\t\t<img decoding=\"async\" width=\"1024\" height=\"499\" src=\"https:\/\/lpesaigon.com.vn\/wp-content\/uploads\/2024\/09\/team-building-3-1-1024x499.png\" class=\"attachment-large size-large wp-image-1582\" alt=\"\" srcset=\"https:\/\/lpesaigon.com.vn\/wp-content\/uploads\/2024\/09\/team-building-3-1-1024x499.png 1024w, https:\/\/lpesaigon.com.vn\/wp-content\/uploads\/2024\/09\/team-building-3-1-300x146.png 300w, https:\/\/lpesaigon.com.vn\/wp-content\/uploads\/2024\/09\/team-building-3-1-768x374.png 768w, https:\/\/lpesaigon.com.vn\/wp-content\/uploads\/2024\/09\/team-building-3-1-1536x748.png 1536w, https:\/\/lpesaigon.com.vn\/wp-content\/uploads\/2024\/09\/team-building-3-1-600x292.png 600w, https:\/\/lpesaigon.com.vn\/wp-content\/uploads\/2024\/09\/team-building-3-1.png 1555w\" sizes=\"(max-width: 1024px) 100vw, 1024px\" \/>\t\t\t\t\t\t\t\t\t\t\t\t\t<\/div>\n\t\t\t\t<\/div>\n\t\t\t\t<\/div>\n\t\t\t\t\t<\/div>\n\t\t\t\t<\/div>\n\t\t<div class=\"elementor-element elementor-element-71e0565 e-flex e-con-boxed e-con e-parent\" data-id=\"71e0565\" data-element_type=\"container\">\n\t\t\t\t\t<div class=\"e-con-inner\">\n\t\t\t\t\t<\/div>\n\t\t\t\t<\/div>\n\t\t\t\t<\/div>","protected":false},"excerpt":{"rendered":"<p>&#8220;Caretakers for future generations&#8221; It is imperative that we all minimize our impact on the environment and always keep in [&hellip;]<\/p>","protected":false},"author":1,"featured_media":0,"parent":0,"menu_order":0,"comment_status":"closed","ping_status":"closed","template":"","meta":{"site-sidebar-layout":"no-sidebar","site-content-layout":"","ast-site-content-layout":"full-width-container","site-content-style":"default","site-sidebar-style":"default","ast-global-header-display":"","ast-banner-title-visibility":"","ast-main-header-display":"","ast-hfb-above-header-display":"","ast-hfb-below-header-display":"","ast-hfb-mobile-header-display":"","site-post-title":"disabled","ast-breadcrumbs-content":"","ast-featured-img":"disabled","footer-sml-layout":"","theme-transparent-header-meta":"","adv-header-id-meta":"","stick-header-meta":"","header-above-stick-meta":"","header-main-stick-meta":"","header-below-stick-meta":"","astra-migrate-meta-layouts":"default","ast-page-background-enabled":"default","ast-page-background-meta":{"desktop":{"background-color":"var(--ast-global-color-4)","background-image":"","background-repeat":"repeat","background-position":"center center","background-size":"auto","background-attachment":"scroll","background-type":"","background-media":"","overlay-type":"","overlay-color":"","overlay-opacity":"","overlay-gradient":""},"tablet":{"background-color":"","background-image":"","background-repeat":"repeat","background-position":"center center","background-size":"auto","background-attachment":"scroll","background-type":"","background-media":"","overlay-type":"","overlay-color":"","overlay-opacity":"","overlay-gradient":""},"mobile":{"background-color":"","background-image":"","background-repeat":"repeat","background-position":"center center","background-size":"auto","background-attachment":"scroll","background-type":"","background-media":"","overlay-type":"","overlay-color":"","overlay-opacity":"","overlay-gradient":""}},"ast-content-background-meta":{"desktop":{"background-color":"var(--ast-global-color-5)","background-image":"","background-repeat":"repeat","background-position":"center center","background-size":"auto","background-attachment":"scroll","background-type":"","background-media":"","overlay-type":"","overlay-color":"","overlay-opacity":"","overlay-gradient":""},"tablet":{"background-color":"var(--ast-global-color-5)","background-image":"","background-repeat":"repeat","background-position":"center center","background-size":"auto","background-attachment":"scroll","background-type":"","background-media":"","overlay-type":"","overlay-color":"","overlay-opacity":"","overlay-gradient":""},"mobile":{"background-color":"var(--ast-global-color-5)","background-image":"","background-repeat":"repeat","background-position":"center center","background-size":"auto","background-attachment":"scroll","background-type":"","background-media":"","overlay-type":"","overlay-color":"","overlay-opacity":"","overlay-gradient":""}},"footnotes":""},"class_list":["post-1831","page","type-page","status-publish","hentry"],"_links":{"self":[{"href":"https:\/\/lpesaigon.com.vn\/vi\/wp-json\/wp\/v2\/pages\/1831","targetHints":{"allow":["GET"]}}],"collection":[{"href":"https:\/\/lpesaigon.com.vn\/vi\/wp-json\/wp\/v2\/pages"}],"about":[{"href":"https:\/\/lpesaigon.com.vn\/vi\/wp-json\/wp\/v2\/types\/page"}],"author":[{"embeddable":true,"href":"https:\/\/lpesaigon.com.vn\/vi\/wp-json\/wp\/v2\/users\/1"}],"replies":[{"embeddable":true,"href":"https:\/\/lpesaigon.com.vn\/vi\/wp-json\/wp\/v2\/comments?post=1831"}],"version-history":[{"count":77,"href":"https:\/\/lpesaigon.com.vn\/vi\/wp-json\/wp\/v2\/pages\/1831\/revisions"}],"predecessor-version":[{"id":2710,"href":"https:\/\/lpesaigon.com.vn\/vi\/wp-json\/wp\/v2\/pages\/1831\/revisions\/2710"}],"wp:attachment":[{"href":"https:\/\/lpesaigon.com.vn\/vi\/wp-json\/wp\/v2\/media?parent=1831"}],"curies":[{"name":"wp","href":"https:\/\/api.w.org\/{rel}","templated":true}]}}